{"id":737,"date":"2022-03-02T21:49:13","date_gmt":"2022-03-02T20:49:13","guid":{"rendered":"http:\/\/ivan.jan-geselle.com\/?post_type=product&#038;p=737"},"modified":"2026-04-16T23:54:16","modified_gmt":"2026-04-02T22:43:43","slug":"flower-water","status":"publish","type":"product","link":"https:\/\/resolute-leopard-f48e03.instawp.site\/sr\/\u043f\u0440\u043e\u0438\u0437\u0432\u043e\u0434\/flower-water\/","title":{"rendered":"Agua de Palo Santo - Ritualna Aromatska Voda 20ml"},"content":{"rendered":"<h2>Agua de Palo Santo -20ml-<\/h2>\n<p><em>Agua de Palo Santo 20ml<\/em> \u2013 Also known as Palo Santo cologne. This is the original <em>Colonia de Palo Santo<\/em> from Peru based on alcohol. It is used in (cleansing) rituals, shamanism, and other occult applications. Palo Santo has been used for thousands of years in Peru and Ecuador by shamans and healers. <em><strong>Caution:<\/strong> be careful with the skin and eyes. Not for internal use.<\/em><\/p>\n<p><em>Agua de Palo Santo <\/em>has the woody aromatic fragrance of fresh Palo Santo.<\/p>\n<p>This original <em>Agua <\/em><em>de Palo Santo<\/em> is made in Peru based on Peruvian sugar cane alcohol. It has its unique composition, smells a lot fresher, and is more energetic. It is more powerful than other cheaper\/non-originals. Most Peruvian shamans use only the original for their cleansing rituals and ceremonies.<\/p>\n<p>&nbsp;<\/p>\n<p><strong><em>WARNINGS: <\/em><em>Not for internal use. Inflammable. Careful with open fire. Use only in well-ventilated spaces. Keep out of reach of children and pets. Keep away from flammable materials. Avoid contact with skin and clothes. May cause allergic reactions. Colonia de Palo Santo can be sprinkled in spaces.<\/em><\/strong><\/p>","protected":false},"excerpt":{"rendered":"<p>Sprej aure iz Perua \u2014 sve\u017e miris Palo Santa. Kori\u0161\u0107en od \u0161amana za ritualno \u010di\u0161\u0107enje i ceremoniju. Drveni, smolasti miris Bursera graveolens u te\u010dnom obliku \u2014 za trenutke kada paljenje \u0161tapi\u0107a nije mogu\u0107e.<\/p>","protected":false},"featured_media":729,"comment_status":"open","ping_status":"closed","template":"","meta":{"site-sidebar-layout":"default","site-content-layout":"","ast-site-content-layout":"default","site-content-style":"default","site-sidebar-style":"default","ast-global-header-display":"","ast-banner-title-visibility":"","ast-main-header-display":"","ast-hfb-above-header-display":"","ast-hfb-below-header-display":"","ast-hfb-mobile-header-display":"","site-post-title":"","ast-breadcrumbs-content":"","ast-featured-img":"","footer-sml-layout":"","ast-disable-related-posts":"","theme-transparent-header-meta":"default","adv-header-id-meta":"","stick-header-meta":"","header-above-stick-meta":"","header-main-stick-meta":"","header-below-stick-meta":"","astra-migrate-meta-layouts":"set","ast-page-background-enabled":"default","ast-page-background-meta":{"desktop":{"background-color":"","background-image":"","background-repeat":"repeat","background-position":"center center","background-size":"auto","background-attachment":"scroll","background-type":"","background-media":"","overlay-type":"","overlay-color":"","overlay-opacity":"","overlay-gradient":""},"tablet":{"background-color":"","background-image":"","background-repeat":"repeat","background-position":"center center","background-size":"auto","background-attachment":"scroll","background-type":"","background-media":"","overlay-type":"","overlay-color":"","overlay-opacity":"","overlay-gradient":""},"mobile":{"background-color":"","background-image":"","background-repeat":"repeat","background-position":"center center","background-size":"auto","background-attachment":"scroll","background-type":"","background-media":"","overlay-type":"","overlay-color":"","overlay-opacity":"","overlay-gradient":""}},"ast-content-background-meta":{"desktop":{"background-color":"var(--ast-global-color-5)","background-image":"","background-repeat":"repeat","background-position":"center center","background-size":"auto","background-attachment":"scroll","background-type":"","background-media":"","overlay-type":"","overlay-color":"","overlay-opacity":"","overlay-gradient":""},"tablet":{"background-color":"var(--ast-global-color-5)","background-image":"","background-repeat":"repeat","background-position":"center center","background-size":"auto","background-attachment":"scroll","background-type":"","background-media":"","overlay-type":"","overlay-color":"","overlay-opacity":"","overlay-gradient":""},"mobile":{"background-color":"var(--ast-global-color-5)","background-image":"","background-repeat":"repeat","background-position":"center center","background-size":"auto","background-attachment":"scroll","background-type":"","background-media":"","overlay-type":"","overlay-color":"","overlay-opacity":"","overlay-gradient":""}}},"product_brand":[],"product_cat":[18,107],"product_tag":[],"class_list":{"0":"post-737","1":"product","2":"type-product","3":"status-publish","4":"has-post-thumbnail","6":"product_cat-incense","7":"product_cat-parfumes","8":"desktop-align-right","9":"tablet-align-left","10":"mobile-align-left","12":"first","13":"instock","14":"taxable","15":"shipping-taxable","16":"purchasable","17":"product-type-simple"},"jetpack_sharing_enabled":true,"_links":{"self":[{"href":"https:\/\/resolute-leopard-f48e03.instawp.site\/sr\/wp-json\/wp\/v2\/product\/737","targetHints":{"allow":["GET"]}}],"collection":[{"href":"https:\/\/resolute-leopard-f48e03.instawp.site\/sr\/wp-json\/wp\/v2\/product"}],"about":[{"href":"https:\/\/resolute-leopard-f48e03.instawp.site\/sr\/wp-json\/wp\/v2\/types\/product"}],"replies":[{"embeddable":true,"href":"https:\/\/resolute-leopard-f48e03.instawp.site\/sr\/wp-json\/wp\/v2\/comments?post=737"}],"version-history":[{"count":2,"href":"https:\/\/resolute-leopard-f48e03.instawp.site\/sr\/wp-json\/wp\/v2\/product\/737\/revisions"}],"predecessor-version":[{"id":9172,"href":"https:\/\/resolute-leopard-f48e03.instawp.site\/sr\/wp-json\/wp\/v2\/product\/737\/revisions\/9172"}],"wp:featuredmedia":[{"embeddable":true,"href":"https:\/\/resolute-leopard-f48e03.instawp.site\/sr\/wp-json\/wp\/v2\/media\/729"}],"wp:attachment":[{"href":"https:\/\/resolute-leopard-f48e03.instawp.site\/sr\/wp-json\/wp\/v2\/media?parent=737"}],"wp:term":[{"taxonomy":"product_brand","embeddable":true,"href":"https:\/\/resolute-leopard-f48e03.instawp.site\/sr\/wp-json\/wp\/v2\/product_brand?post=737"},{"taxonomy":"product_cat","embeddable":true,"href":"https:\/\/resolute-leopard-f48e03.instawp.site\/sr\/wp-json\/wp\/v2\/product_cat?post=737"},{"taxonomy":"product_tag","embeddable":true,"href":"https:\/\/resolute-leopard-f48e03.instawp.site\/sr\/wp-json\/wp\/v2\/product_tag?post=737"}],"curies":[{"name":"wp","href":"https:\/\/api.w.org\/{rel}","templated":true}]}}