{"id":7338,"date":"2025-10-31T18:17:11","date_gmt":"2025-10-31T17:17:11","guid":{"rendered":"https:\/\/resolute-leopard-f48e03.instawp.site\/?post_type=product&#038;p=7338"},"modified":"2026-04-16T23:54:16","modified_gmt":"2026-04-02T22:44:02","slug":"organic-cacao-ecuador","status":"publish","type":"product","link":"https:\/\/resolute-leopard-f48e03.instawp.site\/sr\/\u043f\u0440\u043e\u0438\u0437\u0432\u043e\u0434\/organic-cacao-ecuador\/","title":{"rendered":"Cacao Ceremonia - Organski Kakao Ekvador 100g"},"content":{"rendered":"<p><strong>Latinsko ime <\/strong><i><a href=\"https:\/\/curandero.love\/kakao-krv-dzungle\/\" target=\"_blank\" rel=\"noopener\">Theobroma cacao &#8220;Arriba forestero&#8221;<\/a><br \/>\n<\/i><\/p>\n<p><strong>Origin: Ekvador <i> <\/i><\/strong><em><br \/>\n<\/em><\/p>\n<div id=\"yui_3_17_2_1_1656703088080_106\" class=\"Site loaded\" data-nc-base=\"header\" data-controller=\"AncillaryLayout\" data-controllers-bound=\"AncillaryLayout\">\n<div id=\"yui_3_17_2_1_1656703088080_105\" class=\"Site-inner\">\n<div id=\"yui_3_17_2_1_1656703088080_104\" class=\"Content-outer\">\n<section id=\"yui_3_17_2_1_1656703088080_102\" class=\"Main-content\" data-content-field=\"main-content\">\n<div id=\"page-5a0f4f60ec212d543c6ab261\" class=\"sqs-layout sqs-grid-12 columns-12\" data-type=\"page\" data-updated-on=\"1620141558103\">\n<div id=\"yui_3_17_2_1_1656703088080_101\" class=\"row sqs-row\">\n<div id=\"yui_3_17_2_1_1656703088080_100\" class=\"col sqs-col-8 span-8\">\n<div id=\"yui_3_17_2_1_1656703088080_127\" class=\"row sqs-row\">\n<div id=\"yui_3_17_2_1_1656703088080_648\" class=\"col sqs-col-4 span-4\">\n<div id=\"block-yui_3_17_2_1_1562238447912_55477\" class=\"sqs-block html-block sqs-block-html\" data-block-type=\"2\">\n<div id=\"yui_3_17_2_1_1656703088080_647\" class=\"sqs-block-content\">\n<p id=\"yui_3_17_2_1_1656703088080_646\" class=\"\"><strong id=\"yui_3_17_2_1_1656703088080_645\">LJUBAVNI KAKAO: ORGANSKI KAKAO U TABLI (100g)<\/strong><\/p>\n<p class=\"\"><a href=\"https:\/\/curandero.love\/kakao-krv-dzungle\/\" target=\"_blank\" rel=\"noopener\">Kakao<\/a> brings natural stress relief because it contains potassium, phosphorus, copper, iron, zinc, and magnesium which contribute to cardiovascular health. Cacao has the ability to trigger the release of dopamine and the endorphin; phenylethylamine, both of which soothe the symptoms of premenstrual syndrome and depression. Scientific research now confirms that chocolate helps to relieve emotional stress.<\/p>\n<p class=\"\">Most importantly, it contains anandamide, the bliss molecule. Anandamide is an endogenous ligand that your body produces when you feel a workout &#8220;high.&#8221; It is a natural pleasure molecule that fits into the cannabinoid receptor sites of the cells of the nervous system.<\/p>\n<p class=\"\">Ljubavni kakao je organski kakao kojem ni\u0161ta nije dodato i ni\u0161ta nije oduzeto. Na\u0161 strpljiv na\u010din proizvodnje \u010duva sve esencijalno u njemu, ostaje samo termicki ne obradjen sirov kakao. Na zalost, industrijski kakao prolazi kroz agresivnu obradu koja uni\u0161tava sastojke koje \u010dine esenciju kakaa i vecina ljudi nikad ni ne upozna kakao biljku.<\/p>\n<p><span class=\"hps\"><span id=\"result_box\" class=\"short_text\" lang=\"en\"><span dir=\"auto\"><span id=\"result_box\" lang=\"en\"> Cocoa solids also contain 230 mg of caffeine and 2057 mg of theobromine per 100g, which are mostly absent from the other components of the cocoa bean.<\/span><\/span><\/span><\/span><\/p>\n<p class=\"\"><strong>ME\u0110U NAJBOLJIM I NAJREDJIM <a href=\"https:\/\/curandero.love\/kakao-krv-dzungle\/\" target=\"_self\">KAKOAIMA<\/a> NA SVETU<\/strong><\/p>\n<p class=\"\">Dok ogromne korporacije proizvedu milione tona Forastera (jeftini, industrijski kakao koji \u010dini 93.5% svjetske proizvodnje), u d\u017eunglama Perua se de\u0161ava ne\u0161to sasvim suprotno. Criollo kakao je prvi domestifikovani kakao na planeti a danas izumire zato \u0161to je uzgajanje te\u0161ko, skupo i nesplatljivo industrijskoj proizvodnji.<\/p>\n<\/div>\n<\/div>\n<\/div>\n<div id=\"yui_3_17_2_1_1656703088080_126\" class=\"col sqs-col-4 span-4\">\n<div id=\"block-yui_3_17_2_26_1511003143178_5854\" class=\"sqs-block html-block sqs-block-html\" data-block-type=\"2\">\n<div class=\"sqs-block-content\">\n<p class=\"\">Historically, cacao has always been considered a very powerful aphrodisiac, exotic food, and medicine, by the Mesoamerican and South American cultures, such as the Mayans, Aztecs and Spanish conquistadors. Its Greek name Theobroma Cacao literally means &#8216;Food of the Gods, Thea (god), Broma (food), with the Maya word Ka&#8217;kau.&#8217;<\/p>\n<p class=\"\">Benefits are found in the neurotransmitter-modulating agents that act as natural antidepressants. Its high valeric acid content blocks the stress hormones while triggering the release of dopamine, anandamide and the endorphin phenylethylamine, all of which are known as the &#8216;bliss molecules. Cacao also contains the essential amino acid tryptophan, which increases the production of serotonin, an important brain chemical that helps us remain positive and happy. These neurotransmitters also remain in the bloodstream longer after ingesting cacao, creating a natural antidepressant benefit, while the theobromine and caffeine content boosts energy levels and relieves fatigue.<\/p>\n<p class=\"\">Chocolate! who would have thought this humble confectionery is such a powerful medicine in its natural form? It&#8217;s time to share the love!<\/p>\n<\/div>\n<\/div>\n<div id=\"block-yui_3_17_2_26_1511003143178_7432\" class=\"sqs-block image-block sqs-block-image sqs-text-ready\" data-block-type=\"5\">\n<div id=\"yui_3_17_2_1_1656703088080_125\" class=\"sqs-block-content\">\n<div id=\"yui_3_17_2_1_1656703088080_124\" class=\"image-block-outer-wrapper layout-caption-below design-layout-inline combination-animation-none individual-animation-none individual-text-animation-none sqs-narrow-width\" data-test=\"image-block-inline-outer-wrapper\">\n<figure id=\"yui_3_17_2_1_1656703088080_123\" class=\"sqs-block-image-figure intrinsic\">\n<div id=\"yui_3_17_2_1_1656703088080_122\" class=\"image-block-wrapper\" data-animation-role=\"image\">\n<div id=\"yui_3_17_2_1_1656703088080_121\" class=\"sqs-image-shape-container-element has-aspect-ratio\"><\/div>\n<\/div>\n<\/figure>\n<\/div>\n<\/div>\n<\/div>\n<\/div>\n<\/div>\n<div id=\"block-yui_3_17_2_1_1562238447912_54903\" class=\"sqs-block horizontalrule-block sqs-block-horizontalrule\" data-block-type=\"47\">\n<div class=\"sqs-block-content\">\n<hr \/>\n<\/div>\n<\/div>\n<div id=\"block-yui_3_17_2_1_1562238447912_53560\" class=\"sqs-block quote-block sqs-block-quote null\" data-block-type=\"31\">\n<div class=\"sqs-block-content\">\n<figure class=\"block-animation-none\">\n<blockquote data-animation-role=\"quote\"><p>&#8220;Chocolate is a divine, celestial drink, the sweat of the stars, the vital seed, divine nectar, the drink of the gods, panacea, and universal medicine.&#8221;<\/p><\/blockquote>\n<\/figure>\n<\/div>\n<\/div>\n<\/div>\n<\/div>\n<\/div>\n<\/section>\n<\/div>\n<\/div>\n<\/div>","protected":false},"excerpt":{"rendered":"<p>Organski kakao iz Ekvadora \u2014 Arriba Forestero Theobroma cacao, sirov i neprocesuiran. Bogat anandamidom, molekulom bla\u017eenstva. Druga\u010diji karakter od peruanskog Criollo \u2014 Arriba Forestero je smeliji, zemaljskiji, sa dubljom baznom notom u \u0161olji.<\/p>","protected":false},"featured_media":1097,"comment_status":"open","ping_status":"closed","template":"","meta":{"site-sidebar-layout":"default","site-content-layout":"","ast-site-content-layout":"default","site-content-style":"default","site-sidebar-style":"default","ast-global-header-display":"","ast-banner-title-visibility":"","ast-main-header-display":"","ast-hfb-above-header-display":"","ast-hfb-below-header-display":"","ast-hfb-mobile-header-display":"","site-post-title":"","ast-breadcrumbs-content":"","ast-featured-img":"","footer-sml-layout":"","ast-disable-related-posts":"","theme-transparent-header-meta":"default","adv-header-id-meta":"","stick-header-meta":"","header-above-stick-meta":"","header-main-stick-meta":"","header-below-stick-meta":"","astra-migrate-meta-layouts":"set","ast-page-background-enabled":"default","ast-page-background-meta":{"desktop":{"background-color":"","background-image":"","background-repeat":"repeat","background-position":"center center","background-size":"auto","background-attachment":"scroll","background-type":"","background-media":"","overlay-type":"","overlay-color":"","overlay-opacity":"","overlay-gradient":""},"tablet":{"background-color":"","background-image":"","background-repeat":"repeat","background-position":"center center","background-size":"auto","background-attachment":"scroll","background-type":"","background-media":"","overlay-type":"","overlay-color":"","overlay-opacity":"","overlay-gradient":""},"mobile":{"background-color":"","background-image":"","background-repeat":"repeat","background-position":"center center","background-size":"auto","background-attachment":"scroll","background-type":"","background-media":"","overlay-type":"","overlay-color":"","overlay-opacity":"","overlay-gradient":""}},"ast-content-background-meta":{"desktop":{"background-color":"var(--ast-global-color-5)","background-image":"","background-repeat":"repeat","background-position":"center center","background-size":"auto","background-attachment":"scroll","background-type":"","background-media":"","overlay-type":"","overlay-color":"","overlay-opacity":"","overlay-gradient":""},"tablet":{"background-color":"var(--ast-global-color-5)","background-image":"","background-repeat":"repeat","background-position":"center center","background-size":"auto","background-attachment":"scroll","background-type":"","background-media":"","overlay-type":"","overlay-color":"","overlay-opacity":"","overlay-gradient":""},"mobile":{"background-color":"var(--ast-global-color-5)","background-image":"","background-repeat":"repeat","background-position":"center center","background-size":"auto","background-attachment":"scroll","background-type":"","background-media":"","overlay-type":"","overlay-color":"","overlay-opacity":"","overlay-gradient":""}}},"product_brand":[],"product_cat":[108,17],"product_tag":[],"class_list":{"0":"post-7338","1":"product","2":"type-product","3":"status-publish","4":"has-post-thumbnail","6":"product_cat-cacao","7":"product_cat-herbs","8":"desktop-align-right","9":"tablet-align-left","10":"mobile-align-left","12":"first","13":"instock","14":"taxable","15":"shipping-taxable","16":"purchasable","17":"product-type-simple"},"jetpack_sharing_enabled":true,"_links":{"self":[{"href":"https:\/\/resolute-leopard-f48e03.instawp.site\/sr\/wp-json\/wp\/v2\/product\/7338","targetHints":{"allow":["GET"]}}],"collection":[{"href":"https:\/\/resolute-leopard-f48e03.instawp.site\/sr\/wp-json\/wp\/v2\/product"}],"about":[{"href":"https:\/\/resolute-leopard-f48e03.instawp.site\/sr\/wp-json\/wp\/v2\/types\/product"}],"replies":[{"embeddable":true,"href":"https:\/\/resolute-leopard-f48e03.instawp.site\/sr\/wp-json\/wp\/v2\/comments?post=7338"}],"version-history":[{"count":6,"href":"https:\/\/resolute-leopard-f48e03.instawp.site\/sr\/wp-json\/wp\/v2\/product\/7338\/revisions"}],"predecessor-version":[{"id":9232,"href":"https:\/\/resolute-leopard-f48e03.instawp.site\/sr\/wp-json\/wp\/v2\/product\/7338\/revisions\/9232"}],"wp:featuredmedia":[{"embeddable":true,"href":"https:\/\/resolute-leopard-f48e03.instawp.site\/sr\/wp-json\/wp\/v2\/media\/1097"}],"wp:attachment":[{"href":"https:\/\/resolute-leopard-f48e03.instawp.site\/sr\/wp-json\/wp\/v2\/media?parent=7338"}],"wp:term":[{"taxonomy":"product_brand","embeddable":true,"href":"https:\/\/resolute-leopard-f48e03.instawp.site\/sr\/wp-json\/wp\/v2\/product_brand?post=7338"},{"taxonomy":"product_cat","embeddable":true,"href":"https:\/\/resolute-leopard-f48e03.instawp.site\/sr\/wp-json\/wp\/v2\/product_cat?post=7338"},{"taxonomy":"product_tag","embeddable":true,"href":"https:\/\/resolute-leopard-f48e03.instawp.site\/sr\/wp-json\/wp\/v2\/product_tag?post=7338"}],"curies":[{"name":"wp","href":"https:\/\/api.w.org\/{rel}","templated":true}]}}