{"id":71,"date":"2021-09-06T21:28:26","date_gmt":"2021-09-06T19:28:26","guid":{"rendered":"http:\/\/ivan.jan-geselle.com\/?p=71"},"modified":"2026-04-16T23:54:16","modified_gmt":"2026-04-02T22:43:41","slug":"rape","status":"publish","type":"product","link":"https:\/\/resolute-leopard-f48e03.instawp.site\/sr\/\u043f\u0440\u043e\u0438\u0437\u0432\u043e\u0434\/rape\/","title":{"rendered":"Yawanawa Rap\u00e9 - Platycyamus Regnellii Amazona"},"content":{"rendered":"<p><strong>Tako\u0111e poznat kao<\/strong><strong> <\/strong><a href=\"https:\/\/curandero.love\/what-is-rapeh\/\" target=\"_blank\" rel=\"noopener\">Rap\u00e9, Hap\u00e9, Indian Snuffs, Rome Poto.<\/a><br \/>\n<strong>Poreklo: <\/strong>Brasil<\/p>\n<p>Pripadnoici plemena <a href=\"https:\/\/curandero.love\/wp-admin\/post.php?post=1128&amp;action=edit\" target=\"_blank\" rel=\"noopener\">Yawanawa<\/a> imaju duboko znanje o svom \u0161amanskom sistemu, koje \u010duvaju njihovi inicijati i \u0161amani. Prou\u010davanje <a href=\"https:\/\/curandero.love\/wp-admin\/post.php?post=1128&amp;action=edit\" target=\"_blank\" rel=\"noopener\">Yawanawa<\/a> spirituality begins with prayers and diets and intense initiation processes mark the journey. Among the sacred medicines of the<a href=\"https:\/\/curandero.love\/wp-admin\/post.php?post=1128&amp;action=edit\" target=\"_blank\" rel=\"noopener\"> Yawanawa<\/a> ljudi <a href=\"https:\/\/curandero.love\/what-is-rapeh\/\" target=\"_blank\" rel=\"noopener\">Rum\u00e9<\/a> or <a href=\"https:\/\/curandero.love\/what-is-rapeh\/\" target=\"_blank\" rel=\"noopener\">Rum\u00e3<\/a> kako oni zovu njihov <a href=\"https:\/\/curandero.love\/what-is-rapeh\/\" target=\"_blank\" rel=\"noopener\">\u0160amanski prah<\/a> ima centralno mesto u njihovoj kulturi. To je jedna od njihovih glavnih priprema za mo\u0107. <a href=\"https:\/\/curandero.love\/what-is-rapeh\/\" target=\"_blank\" rel=\"noopener\">Rap\u00e9<\/a> ima ancestralno nasle\u0111e isceljenja koje u njihovoj kosmologiji postoji od pamtiveka, kako se prenosi kroz njihove pri\u010de.<\/p>\n<p><strong>Yurema Rap\u00e9 \u2013 dubinsko pro\u010di\u0161\u0107enje, fokus i unutra\u0161nja stabilnost <a href=\"https:\/\/curandero.love\/what-is-rapeh\/\" target=\"_blank\" rel=\"noopener\">Rape<\/a> su tradicionalni i izra\u0111uju ih starosedeoci iz mnogih razli\u010ditih plemena. Svaki <a href=\"https:\/\/curandero.love\/what-is-rapeh\/\" target=\"_blank\" rel=\"noopener\">Rapea<\/a> se odr\u017eivo proizvodi unutar plemena, uz mudrost njihovih stare\u0161ina. Sve <a href=\"https:\/\/curandero.love\/what-is-rapeh\/\" target=\"_blank\" rel=\"noopener\">Rape<\/a> contain Nicotina rustica, ashes, a mix of plants and one plant that gives the specific power to that rap\u00e9.<\/strong><\/p>\n<p><strong>Yawanaw\u00e1 Tsunu ima karakteristi\u010dno podi\u017eu\u0107u i pro\u010di\u0161\u0107avaju\u0107u frekvenciju. Odlikuju ga sna\u017ene \u017eenske kvalitete i idealan je za balansiranje energija, duboko isceljenje i uzemljenje. O\u010di obi\u010dno zasuze, a prah se iz nosa izbacuje znatno lak\u0161e nego kod ve\u0107ine drugih me\u0161avina. Ova me\u0161avina je veoma fino samlevena i uglavnom se direktno apsorbuje kroz nos. Suptilno sna\u017ena i omiljena me\u0111u redovnim korisnicima tradicionalnih rap\u00e9 me\u0161avina.<\/strong><\/p>\n<p><strong>U vezi <a href=\"https:\/\/curandero.love\/wp-admin\/post.php?post=1128&amp;action=edit\" target=\"_blank\" rel=\"noopener\">Yawanaw\u00e1<\/a> plemena : <\/strong><\/p>\n<p>Pripadnoici plemena <a href=\"https:\/\/curandero.love\/wp-admin\/post.php?post=1128&amp;action=edit\" target=\"_blank\" rel=\"noopener\">Yawanaw\u00e1<\/a> (<em>yawa<\/em>\/white-lipped peccary; <em>nawa<\/em>\/ljudi) su grupa koja pripada pano jezi\u010dkoj porodici i danas nastanjuje autohtonu teritoriju uz reku Greg\u00f3rio.<\/p>\n<p>Pripadnoici plemena <a href=\"https:\/\/curandero.love\/wp-admin\/post.php?post=1128&amp;action=edit\" target=\"_blank\" rel=\"noopener\">Yawanaw\u00e1<\/a> Zajednica je u stvarnosti spoj ljudi koji uklju\u010duje i \u010dlanove drugih grupa: Shaw\u00e3dawa (Arara), Iskunawa (danas poznati kao Shan\u00eanawa, koji \u017eive u selu blizu grada Feij\u00f3), Rununawa, Sainawa (uglavnom poznati kao Yaminaw\u00e1, koji \u017eive u oblasti reke Bag\u00e9) i Katukina. Ovakva konfiguracija predstavlja krajnji rezultat sociolo\u0161ke dinamike uobi\u010dajene za mnoge pano grupe \u2014 saveza. Kroz brakove, zarobljavanje \u017eena tokom ratnih sukoba, migracije porodica i niz istorijskih okolnosti.<\/p>\n<p><strong>Zanimljivo \u0161tivo:<\/strong><\/p>\n<p>Da li \u017eelite da saznate vi\u0161e o amazonskim autohtonim plemenima ili kulturama drugih plemena \u0161irom sveta? Pogledajte <a href=\"https:\/\/curandero.love\/blog\/\" target=\"_blank\" rel=\"noreferrer noopener\" data-type=\"URL\" data-id=\"https:\/\/curandero.love\/blog\/\">Blog<\/a><\/p>","protected":false},"excerpt":{"rendered":"<p>Rap\u00e9 koji prave Yawanawa pleme u Brazilu \u2014 \u0161amanski prah za uzemljenje i osna\u017eenje namere. Centralni deo Yawanawa ceremonije, koristi se za otvaranje molitve, fokusiranje uma i pripremu za inicijaciju.<\/p>","protected":false},"featured_media":4657,"comment_status":"open","ping_status":"closed","template":"","meta":{"site-sidebar-layout":"default","site-content-layout":"default","ast-site-content-layout":"default","site-content-style":"default","site-sidebar-style":"default","ast-global-header-display":"","ast-banner-title-visibility":"","ast-main-header-display":"","ast-hfb-above-header-display":"","ast-hfb-below-header-display":"","ast-hfb-mobile-header-display":"","site-post-title":"","ast-breadcrumbs-content":"","ast-featured-img":"","footer-sml-layout":"","ast-disable-related-posts":"","theme-transparent-header-meta":"default","adv-header-id-meta":"","stick-header-meta":"","header-above-stick-meta":"","header-main-stick-meta":"","header-below-stick-meta":"","astra-migrate-meta-layouts":"set","ast-page-background-enabled":"default","ast-page-background-meta":{"desktop":{"background-color":"","background-image":"","background-repeat":"repeat","background-position":"center center","background-size":"auto","background-attachment":"scroll","background-type":"","background-media":"","overlay-type":"","overlay-color":"","overlay-opacity":"","overlay-gradient":""},"tablet":{"background-color":"","background-image":"","background-repeat":"repeat","background-position":"center center","background-size":"auto","background-attachment":"scroll","background-type":"","background-media":"","overlay-type":"","overlay-color":"","overlay-opacity":"","overlay-gradient":""},"mobile":{"background-color":"","background-image":"","background-repeat":"repeat","background-position":"center center","background-size":"auto","background-attachment":"scroll","background-type":"","background-media":"","overlay-type":"","overlay-color":"","overlay-opacity":"","overlay-gradient":""}},"ast-content-background-meta":{"desktop":{"background-color":"var(--ast-global-color-5)","background-image":"","background-repeat":"repeat","background-position":"center center","background-size":"auto","background-attachment":"scroll","background-type":"","background-media":"","overlay-type":"","overlay-color":"","overlay-opacity":"","overlay-gradient":""},"tablet":{"background-color":"var(--ast-global-color-5)","background-image":"","background-repeat":"repeat","background-position":"center center","background-size":"auto","background-attachment":"scroll","background-type":"","background-media":"","overlay-type":"","overlay-color":"","overlay-opacity":"","overlay-gradient":""},"mobile":{"background-color":"var(--ast-global-color-5)","background-image":"","background-repeat":"repeat","background-position":"center center","background-size":"auto","background-attachment":"scroll","background-type":"","background-media":"","overlay-type":"","overlay-color":"","overlay-opacity":"","overlay-gradient":""}}},"product_brand":[],"product_cat":[30],"product_tag":[],"class_list":{"0":"post-71","1":"product","2":"type-product","3":"status-publish","4":"has-post-thumbnail","6":"product_cat-rape","7":"desktop-align-right","8":"tablet-align-left","9":"mobile-align-left","11":"first","12":"instock","13":"taxable","14":"shipping-taxable","15":"purchasable","16":"product-type-variable"},"jetpack_sharing_enabled":true,"_links":{"self":[{"href":"https:\/\/resolute-leopard-f48e03.instawp.site\/sr\/wp-json\/wp\/v2\/product\/71","targetHints":{"allow":["GET"]}}],"collection":[{"href":"https:\/\/resolute-leopard-f48e03.instawp.site\/sr\/wp-json\/wp\/v2\/product"}],"about":[{"href":"https:\/\/resolute-leopard-f48e03.instawp.site\/sr\/wp-json\/wp\/v2\/types\/product"}],"replies":[{"embeddable":true,"href":"https:\/\/resolute-leopard-f48e03.instawp.site\/sr\/wp-json\/wp\/v2\/comments?post=71"}],"version-history":[{"count":4,"href":"https:\/\/resolute-leopard-f48e03.instawp.site\/sr\/wp-json\/wp\/v2\/product\/71\/revisions"}],"predecessor-version":[{"id":9155,"href":"https:\/\/resolute-leopard-f48e03.instawp.site\/sr\/wp-json\/wp\/v2\/product\/71\/revisions\/9155"}],"wp:featuredmedia":[{"embeddable":true,"href":"https:\/\/resolute-leopard-f48e03.instawp.site\/sr\/wp-json\/wp\/v2\/media\/4657"}],"wp:attachment":[{"href":"https:\/\/resolute-leopard-f48e03.instawp.site\/sr\/wp-json\/wp\/v2\/media?parent=71"}],"wp:term":[{"taxonomy":"product_brand","embeddable":true,"href":"https:\/\/resolute-leopard-f48e03.instawp.site\/sr\/wp-json\/wp\/v2\/product_brand?post=71"},{"taxonomy":"product_cat","embeddable":true,"href":"https:\/\/resolute-leopard-f48e03.instawp.site\/sr\/wp-json\/wp\/v2\/product_cat?post=71"},{"taxonomy":"product_tag","embeddable":true,"href":"https:\/\/resolute-leopard-f48e03.instawp.site\/sr\/wp-json\/wp\/v2\/product_tag?post=71"}],"curies":[{"name":"wp","href":"https:\/\/api.w.org\/{rel}","templated":true}]}}