{"id":629,"date":"2022-02-26T22:31:36","date_gmt":"2022-02-26T21:31:36","guid":{"rendered":"http:\/\/ivan.jan-geselle.com\/?post_type=product&#038;p=629"},"modified":"2026-04-16T23:54:16","modified_gmt":"2026-04-02T22:43:43","slug":"butterfly-pea-flower","status":"publish","type":"product","link":"https:\/\/resolute-leopard-f48e03.instawp.site\/sr\/\u043f\u0440\u043e\u0438\u0437\u0432\u043e\u0434\/butterfly-pea-flower\/","title":{"rendered":"Cvet Leptira \u2013 Plavi \u010caj Clitoria Ternatea 50g"},"content":{"rendered":"<p><strong>Latinsko ime <\/strong><em>Clitoria ternatea<br \/>\n<\/em><strong>Tako\u0111e poznat kao<\/strong><a href=\"https:\/\/curandero.love\/butterfly-seed\/\" target=\"_blank\" rel=\"noopener\"><i> Asian pigeonwings, bluebellvine, blue pea, butterfly seed, Blue tea<\/i><\/a><\/p>\n<p><strong>Poreklo:<\/strong> Tajland<\/p>\n<h2><a href=\"https:\/\/curandero.love\/butterfly-seed\/\" target=\"_blank\" rel=\"noopener\">Clitoria ternatea \u2013 Butterfly Seed<\/a><\/h2>\n<p><em>Clitoria ternatea<\/em> or butterfly seed is revered as a holy flower, used in daily puja rituals. The flowers of this vine were imagined to have the shape of human female genitals, hence the Latin name of the genus &#8220;Clitoria&#8221;, from &#8220;clitoris&#8221;.<\/p>\n<p>Traditional Ayurvedic medicine is ascribed with various qualities, including memory enhancing, nootropic, antistress, anxiolytic, antidepressant, anticonvulsant, tranquilizing, and sedative properties. In traditional Chinese medicine, the plant has been ascribed properties affecting female libido due to its similar appearance to the female reproductive organ.<\/p>\n<p>Known for its luminous indigo color, <a href=\"https:\/\/curandero.love\/butterfly-seed\/\" target=\"_blank\" rel=\"noopener\">Butterfly Pea<\/a> has traditionally been used as a vegetable in cooking, color deserts, or making a strikingly vibrant colored tea. Butterfly Pea is jam-packed full of health-promoting antioxidants, flavonoids, and peptides and has shown considerable promise as a natural remedy for a range of health complaints.<\/p>\n<p>&nbsp;<\/p>\n<h3>Some key health benefits of Butterfly Seed are:<\/h3>\n<ul>\n<li><em>The Nervous System<\/em> \u2013 Butterfly Seed has a calming effect on the brain<\/li>\n<li><em>The Digestive System<\/em> \u2013 Butterfly Seed is an antiemetic (anti-nausea), antidiabetic (anti-indigestion), mild-laxative, and cholagogue (stimulates the flow of bile from the liver)<\/li>\n<li><em>The Circulatory System<\/em> \u2013 Butterfly Seed is a hemostatic (helps stop bleeding) and a blood purifier<\/li>\n<li><em>The Respiratory System<\/em> \u2013 Butterfly Seed acts as an expectorant and has been shown to reduce the irritation of respiratory organs, useful in treating colds, coughs, and even asthma.<\/li>\n<li><em>The Urinary System<\/em> \u2013 Butterfly Seed is a diuretic, that helps promote normal urination and can be used for dysuria (difficulty urinating)<\/li>\n<li><em>The Reproductive System<\/em>: Butterfly Seed is reported to be spermatogenic, aiding in normal sperm production<\/li>\n<li><em>The Integumentary System<\/em> \u2013 Pre-maturing aging is often a problem of the skin. Flavonoids present in Butterfly Seed have been found to boost collagen production, increasing skin elasticity.<\/li>\n<\/ul>","protected":false},"excerpt":{"rendered":"<p>Su\u0161eni cvet leptirskog gra\u0161ka iz Tajlanda \u2014 Clitoria ternatea za smirenje, pam\u0107enje i anti-stres podr\u0161ku. Cenjen u Ajurvedi kao nootropik i anksiolitik \u2014 pravi \u017eivopisno plavi \u010daj, menja boju u ljubi\u010dastu sa citrusom.<\/p>","protected":false},"featured_media":1295,"comment_status":"open","ping_status":"closed","template":"","meta":{"site-sidebar-layout":"default","site-content-layout":"default","ast-site-content-layout":"default","site-content-style":"default","site-sidebar-style":"default","ast-global-header-display":"","ast-banner-title-visibility":"","ast-main-header-display":"","ast-hfb-above-header-display":"","ast-hfb-below-header-display":"","ast-hfb-mobile-header-display":"","site-post-title":"","ast-breadcrumbs-content":"","ast-featured-img":"","footer-sml-layout":"","ast-disable-related-posts":"","theme-transparent-header-meta":"default","adv-header-id-meta":"","stick-header-meta":"","header-above-stick-meta":"","header-main-stick-meta":"","header-below-stick-meta":"","astra-migrate-meta-layouts":"set","ast-page-background-enabled":"default","ast-page-background-meta":{"desktop":{"background-color":"","background-image":"","background-repeat":"repeat","background-position":"center center","background-size":"auto","background-attachment":"scroll","background-type":"","background-media":"","overlay-type":"","overlay-color":"","overlay-opacity":"","overlay-gradient":""},"tablet":{"background-color":"","background-image":"","background-repeat":"repeat","background-position":"center center","background-size":"auto","background-attachment":"scroll","background-type":"","background-media":"","overlay-type":"","overlay-color":"","overlay-opacity":"","overlay-gradient":""},"mobile":{"background-color":"","background-image":"","background-repeat":"repeat","background-position":"center center","background-size":"auto","background-attachment":"scroll","background-type":"","background-media":"","overlay-type":"","overlay-color":"","overlay-opacity":"","overlay-gradient":""}},"ast-content-background-meta":{"desktop":{"background-color":"var(--ast-global-color-5)","background-image":"","background-repeat":"repeat","background-position":"center center","background-size":"auto","background-attachment":"scroll","background-type":"","background-media":"","overlay-type":"","overlay-color":"","overlay-opacity":"","overlay-gradient":""},"tablet":{"background-color":"var(--ast-global-color-5)","background-image":"","background-repeat":"repeat","background-position":"center center","background-size":"auto","background-attachment":"scroll","background-type":"","background-media":"","overlay-type":"","overlay-color":"","overlay-opacity":"","overlay-gradient":""},"mobile":{"background-color":"var(--ast-global-color-5)","background-image":"","background-repeat":"repeat","background-position":"center center","background-size":"auto","background-attachment":"scroll","background-type":"","background-media":"","overlay-type":"","overlay-color":"","overlay-opacity":"","overlay-gradient":""}}},"product_brand":[],"product_cat":[17],"product_tag":[],"class_list":{"0":"post-629","1":"product","2":"type-product","3":"status-publish","4":"has-post-thumbnail","6":"product_cat-herbs","7":"desktop-align-right","8":"tablet-align-left","9":"mobile-align-left","11":"first","12":"instock","13":"taxable","14":"shipping-taxable","15":"purchasable","16":"product-type-simple"},"jetpack_sharing_enabled":true,"_links":{"self":[{"href":"https:\/\/resolute-leopard-f48e03.instawp.site\/sr\/wp-json\/wp\/v2\/product\/629","targetHints":{"allow":["GET"]}}],"collection":[{"href":"https:\/\/resolute-leopard-f48e03.instawp.site\/sr\/wp-json\/wp\/v2\/product"}],"about":[{"href":"https:\/\/resolute-leopard-f48e03.instawp.site\/sr\/wp-json\/wp\/v2\/types\/product"}],"replies":[{"embeddable":true,"href":"https:\/\/resolute-leopard-f48e03.instawp.site\/sr\/wp-json\/wp\/v2\/comments?post=629"}],"version-history":[{"count":5,"href":"https:\/\/resolute-leopard-f48e03.instawp.site\/sr\/wp-json\/wp\/v2\/product\/629\/revisions"}],"predecessor-version":[{"id":9169,"href":"https:\/\/resolute-leopard-f48e03.instawp.site\/sr\/wp-json\/wp\/v2\/product\/629\/revisions\/9169"}],"wp:featuredmedia":[{"embeddable":true,"href":"https:\/\/resolute-leopard-f48e03.instawp.site\/sr\/wp-json\/wp\/v2\/media\/1295"}],"wp:attachment":[{"href":"https:\/\/resolute-leopard-f48e03.instawp.site\/sr\/wp-json\/wp\/v2\/media?parent=629"}],"wp:term":[{"taxonomy":"product_brand","embeddable":true,"href":"https:\/\/resolute-leopard-f48e03.instawp.site\/sr\/wp-json\/wp\/v2\/product_brand?post=629"},{"taxonomy":"product_cat","embeddable":true,"href":"https:\/\/resolute-leopard-f48e03.instawp.site\/sr\/wp-json\/wp\/v2\/product_cat?post=629"},{"taxonomy":"product_tag","embeddable":true,"href":"https:\/\/resolute-leopard-f48e03.instawp.site\/sr\/wp-json\/wp\/v2\/product_tag?post=629"}],"curies":[{"name":"wp","href":"https:\/\/api.w.org\/{rel}","templated":true}]}}