{"id":5835,"date":"2024-11-13T11:49:54","date_gmt":"2024-11-13T10:49:54","guid":{"rendered":"https:\/\/resolute-leopard-f48e03.instawp.site\/?post_type=product&#038;p=5835"},"modified":"2026-04-16T23:54:16","modified_gmt":"2026-04-02T22:44:01","slug":"soul-messages","status":"publish","type":"product","link":"https:\/\/resolute-leopard-f48e03.instawp.site\/sr\/\u043f\u0440\u043e\u0438\u0437\u0432\u043e\u0434\/soul-messages\/","title":{"rendered":"Soul Messages - Kartice Duhovnih Poruka"},"content":{"rendered":"<h2><strong>Soul Messages Cards are cards with channeled light messages that carry a specific vibration and meaning that goes with it<\/strong>.<\/h2>\n<p>Light codes, or symbols, are visual forms of a certain vibration, and the messages they carry are translated into words and definitions for easier integration and embodiment into your being.<\/p>\n<p>They bring closer the way the Soul communicates through the symbol and the story it carries with it, so that we can connect with it more easily and quickly. With the help of this guidebook you can learn more about light codes and integrate messages of your Soul into matter to help empower, motivate and inspire you.<\/p>\n<p>Olivera Ivanovic is a hypnotherapist with a focus on spiritual regression. She also channels the messages of the Divine, and speaks and transmits the Language of Light, or rather, the language of her Soul. Text and soul message explanations are channeled by her.<\/p>\n<p>If you wish to know her better lease visit her website<\/p>\n<p>https:\/\/terapijadusa.wixsite.com\/hypnotherapy<\/p>\n<h2>Svetlosni kodovi, ili simboli su vizuelne forme odredene vibracije, a poruke koje nose su prevedene u reci i definicije radi lakse integracije i utelovijenja u vase bice.<\/h2>\n<p>Karte Poruke duse priblizavaju nain na koji Dusa komunicira kroz simbol i pri\u010du koju nosi sa sobom, kako bismo se lakse i br\u017ee povezali sa njom. Uz pomo\u0107 ovog priru\u010dnika mozete nauciti vise o svetlosnim kodovima i spustiti poruke vase duse u materiju kako bi vas osnazile, motivisale i inspirisale.<\/p>\n<p>Olivera Ivanovic je hipnoterapeut i bavi se duhovnom regresijom. Ona takode kanalise poruke Bozanskog, i govori i radi transmisije Jezika Svetlosti, tacnije, jezika njene Duse. Kanalisala je tekst i objanjenja poruka duse.<\/p>\n<p>Ukoliko \u017eelite da saznate ne\u0161to vi\u0161e o njoj i njenom radu, posetite njen sajt https:\/\/terapijadusa.wixsite.com\/hipnoterapija<\/p>\n<p>&nbsp;<\/p>\n<p>&nbsp;<\/p>\n<p>&nbsp;<\/p>","protected":false},"excerpt":{"rendered":"<p>Soul Messages \u2014 kanalisane svetlosne poruke preto\u010dene u re\u010di. Pove\u017eite se sa porukama va\u0161e du\u0161e. Olivera Ivanovi\u0107. Kanalisala ih hipnoterapeutkinja koja radi u duhovnoj regresiji, svaka karta nosi specifi\u010dnu vibraciju i njen prevod u zna\u010denje.<\/p>","protected":false},"featured_media":5838,"comment_status":"open","ping_status":"closed","template":"","meta":{"site-sidebar-layout":"default","site-content-layout":"default","ast-site-content-layout":"","site-content-style":"","site-sidebar-style":"","ast-global-header-display":"","ast-banner-title-visibility":"","ast-main-header-display":"","ast-hfb-above-header-display":"","ast-hfb-below-header-display":"","ast-hfb-mobile-header-display":"","site-post-title":"","ast-breadcrumbs-content":"","ast-featured-img":"","footer-sml-layout":"","ast-disable-related-posts":"","theme-transparent-header-meta":"default","adv-header-id-meta":"","stick-header-meta":"","header-above-stick-meta":"","header-main-stick-meta":"","header-below-stick-meta":"","astra-migrate-meta-layouts":"","ast-page-background-enabled":"default","ast-page-background-meta":{"desktop":{"background-color":"","background-image":"","background-repeat":"repeat","background-position":"center center","background-size":"auto","background-attachment":"scroll","background-type":"","background-media":"","overlay-type":"","overlay-color":"","overlay-opacity":"","overlay-gradient":""},"tablet":{"background-color":"","background-image":"","background-repeat":"repeat","background-position":"center center","background-size":"auto","background-attachment":"scroll","background-type":"","background-media":"","overlay-type":"","overlay-color":"","overlay-opacity":"","overlay-gradient":""},"mobile":{"background-color":"","background-image":"","background-repeat":"repeat","background-position":"center center","background-size":"auto","background-attachment":"scroll","background-type":"","background-media":"","overlay-type":"","overlay-color":"","overlay-opacity":"","overlay-gradient":""}},"ast-content-background-meta":{"desktop":{"background-color":"var(--ast-global-color-5)","background-image":"","background-repeat":"repeat","background-position":"center center","background-size":"auto","background-attachment":"scroll","background-type":"","background-media":"","overlay-type":"","overlay-color":"","overlay-opacity":"","overlay-gradient":""},"tablet":{"background-color":"var(--ast-global-color-5)","background-image":"","background-repeat":"repeat","background-position":"center center","background-size":"auto","background-attachment":"scroll","background-type":"","background-media":"","overlay-type":"","overlay-color":"","overlay-opacity":"","overlay-gradient":""},"mobile":{"background-color":"var(--ast-global-color-5)","background-image":"","background-repeat":"repeat","background-position":"center center","background-size":"auto","background-attachment":"scroll","background-type":"","background-media":"","overlay-type":"","overlay-color":"","overlay-opacity":"","overlay-gradient":""}}},"product_brand":[],"product_cat":[16],"product_tag":[],"class_list":{"0":"post-5835","1":"product","2":"type-product","3":"status-publish","4":"has-post-thumbnail","6":"product_cat-tools","7":"desktop-align-right","8":"tablet-align-left","9":"mobile-align-left","11":"first","12":"instock","13":"taxable","14":"shipping-taxable","15":"purchasable","16":"product-type-variable"},"jetpack_sharing_enabled":true,"_links":{"self":[{"href":"https:\/\/resolute-leopard-f48e03.instawp.site\/sr\/wp-json\/wp\/v2\/product\/5835","targetHints":{"allow":["GET"]}}],"collection":[{"href":"https:\/\/resolute-leopard-f48e03.instawp.site\/sr\/wp-json\/wp\/v2\/product"}],"about":[{"href":"https:\/\/resolute-leopard-f48e03.instawp.site\/sr\/wp-json\/wp\/v2\/types\/product"}],"replies":[{"embeddable":true,"href":"https:\/\/resolute-leopard-f48e03.instawp.site\/sr\/wp-json\/wp\/v2\/comments?post=5835"}],"version-history":[{"count":8,"href":"https:\/\/resolute-leopard-f48e03.instawp.site\/sr\/wp-json\/wp\/v2\/product\/5835\/revisions"}],"predecessor-version":[{"id":9224,"href":"https:\/\/resolute-leopard-f48e03.instawp.site\/sr\/wp-json\/wp\/v2\/product\/5835\/revisions\/9224"}],"wp:featuredmedia":[{"embeddable":true,"href":"https:\/\/resolute-leopard-f48e03.instawp.site\/sr\/wp-json\/wp\/v2\/media\/5838"}],"wp:attachment":[{"href":"https:\/\/resolute-leopard-f48e03.instawp.site\/sr\/wp-json\/wp\/v2\/media?parent=5835"}],"wp:term":[{"taxonomy":"product_brand","embeddable":true,"href":"https:\/\/resolute-leopard-f48e03.instawp.site\/sr\/wp-json\/wp\/v2\/product_brand?post=5835"},{"taxonomy":"product_cat","embeddable":true,"href":"https:\/\/resolute-leopard-f48e03.instawp.site\/sr\/wp-json\/wp\/v2\/product_cat?post=5835"},{"taxonomy":"product_tag","embeddable":true,"href":"https:\/\/resolute-leopard-f48e03.instawp.site\/sr\/wp-json\/wp\/v2\/product_tag?post=5835"}],"curies":[{"name":"wp","href":"https:\/\/api.w.org\/{rel}","templated":true}]}}