{"id":523,"date":"2022-01-26T17:02:24","date_gmt":"2022-01-26T16:02:24","guid":{"rendered":"http:\/\/ivan.jan-geselle.com\/?post_type=product&#038;p=523"},"modified":"2026-04-16T23:54:16","modified_gmt":"2026-04-02T22:43:42","slug":"myrrh-resin","status":"publish","type":"product","link":"https:\/\/resolute-leopard-f48e03.instawp.site\/sr\/\u043f\u0440\u043e\u0438\u0437\u0432\u043e\u0434\/myrrh-resin\/","title":{"rendered":"Mirha - Commiphora Myrrha Smola 30g"},"content":{"rendered":"<p><strong>Latinsko ime <\/strong><em>Commiphora myrrha<\/em><strong><br \/>\nTako\u0111e poznat kao <\/strong><em>Myrrha, Mirra, Molmol, Morr, Mo Yao<\/em><\/p>\n<p><strong>Poreklo:<\/strong>\u00a0Arabia<\/p>\n<h2>Commiphora myrrha \u2013 Myrrh Resin<\/h2>\n<p>True myrrh is related to frankincense resin. The myrrh tree is 3-4 meters high and grows in particular locations in desert regions of the Arabian Peninsula. Myrrh is an ancient medicinal plant. It has been used for over 3000 years as a remedy. Myrrh was once worth its weight in gold. It is a powerful anti-microbial agent so its smoke is cleansing. Its qualities are uplifting and energizing. <\/p>\n<h3>Key Benefits of Myrrh:<\/h3>\n<p>Fragrance: warm balsamic, musky sweet, yet slightly bitter<br \/>\nProperties: uplifting, mood changing, extremely purifying and cleansing<\/p>\n<h3>How to Burn Myrrh Resins:<\/h3>\n<p>Light the charcoal with matches or lighter for about 20 seconds until it self-ignites. Use tongs to hold it up (never hold it with your fingers alone or you might get burned). Place the lit charcoal in a bowl or any incense burner. The bowl or incense burner should be filled with sand or dirt. Let the charcoal warm for a few minutes. (It turns gray around the edges when it is ready) \u00a0Now you are ready! Add a small amount of myrrh resin on top of the charcoal. The myrrh resin will burn and soon release essential, aromatic oils through the smoke.<\/p>","protected":false},"excerpt":{"rendered":"<p>Smirna iz Arabije \u2014 jedan od najstarijih lekova na zemlji. Topao, uzdi\u017eu\u0107i dim za ceremoniju, \u010di\u0161\u0107enje i meditaciju. Sna\u017eno antimikrobno i pro\u010di\u0161\u0107avaju\u0107e \u2014 koristi se kao sveti dim vi\u0161e od 3.000 godina.<\/p>","protected":false},"featured_media":416,"comment_status":"open","ping_status":"closed","template":"","meta":{"site-sidebar-layout":"default","site-content-layout":"","ast-site-content-layout":"default","site-content-style":"default","site-sidebar-style":"default","ast-global-header-display":"","ast-banner-title-visibility":"","ast-main-header-display":"","ast-hfb-above-header-display":"","ast-hfb-below-header-display":"","ast-hfb-mobile-header-display":"","site-post-title":"","ast-breadcrumbs-content":"","ast-featured-img":"","footer-sml-layout":"","ast-disable-related-posts":"","theme-transparent-header-meta":"default","adv-header-id-meta":"","stick-header-meta":"","header-above-stick-meta":"","header-main-stick-meta":"","header-below-stick-meta":"","astra-migrate-meta-layouts":"set","ast-page-background-enabled":"default","ast-page-background-meta":{"desktop":{"background-color":"","background-image":"","background-repeat":"repeat","background-position":"center center","background-size":"auto","background-attachment":"scroll","background-type":"","background-media":"","overlay-type":"","overlay-color":"","overlay-opacity":"","overlay-gradient":""},"tablet":{"background-color":"","background-image":"","background-repeat":"repeat","background-position":"center center","background-size":"auto","background-attachment":"scroll","background-type":"","background-media":"","overlay-type":"","overlay-color":"","overlay-opacity":"","overlay-gradient":""},"mobile":{"background-color":"","background-image":"","background-repeat":"repeat","background-position":"center center","background-size":"auto","background-attachment":"scroll","background-type":"","background-media":"","overlay-type":"","overlay-color":"","overlay-opacity":"","overlay-gradient":""}},"ast-content-background-meta":{"desktop":{"background-color":"var(--ast-global-color-5)","background-image":"","background-repeat":"repeat","background-position":"center center","background-size":"auto","background-attachment":"scroll","background-type":"","background-media":"","overlay-type":"","overlay-color":"","overlay-opacity":"","overlay-gradient":""},"tablet":{"background-color":"var(--ast-global-color-5)","background-image":"","background-repeat":"repeat","background-position":"center center","background-size":"auto","background-attachment":"scroll","background-type":"","background-media":"","overlay-type":"","overlay-color":"","overlay-opacity":"","overlay-gradient":""},"mobile":{"background-color":"var(--ast-global-color-5)","background-image":"","background-repeat":"repeat","background-position":"center center","background-size":"auto","background-attachment":"scroll","background-type":"","background-media":"","overlay-type":"","overlay-color":"","overlay-opacity":"","overlay-gradient":""}}},"product_brand":[],"product_cat":[18],"product_tag":[],"class_list":{"0":"post-523","1":"product","2":"type-product","3":"status-publish","4":"has-post-thumbnail","6":"product_cat-incense","7":"desktop-align-right","8":"tablet-align-left","9":"mobile-align-left","11":"first","12":"instock","13":"taxable","14":"shipping-taxable","15":"purchasable","16":"product-type-simple"},"jetpack_sharing_enabled":true,"_links":{"self":[{"href":"https:\/\/resolute-leopard-f48e03.instawp.site\/sr\/wp-json\/wp\/v2\/product\/523","targetHints":{"allow":["GET"]}}],"collection":[{"href":"https:\/\/resolute-leopard-f48e03.instawp.site\/sr\/wp-json\/wp\/v2\/product"}],"about":[{"href":"https:\/\/resolute-leopard-f48e03.instawp.site\/sr\/wp-json\/wp\/v2\/types\/product"}],"replies":[{"embeddable":true,"href":"https:\/\/resolute-leopard-f48e03.instawp.site\/sr\/wp-json\/wp\/v2\/comments?post=523"}],"version-history":[{"count":3,"href":"https:\/\/resolute-leopard-f48e03.instawp.site\/sr\/wp-json\/wp\/v2\/product\/523\/revisions"}],"predecessor-version":[{"id":9164,"href":"https:\/\/resolute-leopard-f48e03.instawp.site\/sr\/wp-json\/wp\/v2\/product\/523\/revisions\/9164"}],"wp:featuredmedia":[{"embeddable":true,"href":"https:\/\/resolute-leopard-f48e03.instawp.site\/sr\/wp-json\/wp\/v2\/media\/416"}],"wp:attachment":[{"href":"https:\/\/resolute-leopard-f48e03.instawp.site\/sr\/wp-json\/wp\/v2\/media?parent=523"}],"wp:term":[{"taxonomy":"product_brand","embeddable":true,"href":"https:\/\/resolute-leopard-f48e03.instawp.site\/sr\/wp-json\/wp\/v2\/product_brand?post=523"},{"taxonomy":"product_cat","embeddable":true,"href":"https:\/\/resolute-leopard-f48e03.instawp.site\/sr\/wp-json\/wp\/v2\/product_cat?post=523"},{"taxonomy":"product_tag","embeddable":true,"href":"https:\/\/resolute-leopard-f48e03.instawp.site\/sr\/wp-json\/wp\/v2\/product_tag?post=523"}],"curies":[{"name":"wp","href":"https:\/\/api.w.org\/{rel}","templated":true}]}}