{"id":4436,"date":"2024-02-29T22:04:02","date_gmt":"2024-02-29T21:04:02","guid":{"rendered":"https:\/\/resolute-leopard-f48e03.instawp.site\/?post_type=product&#038;p=4436"},"modified":"2026-04-16T23:54:16","modified_gmt":"2026-04-02T22:43:52","slug":"nicotiana-rustica","status":"publish","type":"product","link":"https:\/\/resolute-leopard-f48e03.instawp.site\/sr\/\u043f\u0440\u043e\u0438\u0437\u0432\u043e\u0434\/nicotiana-rustica\/","title":{"rendered":"Divlji Duvan Mapacho - Nicotiana Rustica 50g"},"content":{"rendered":"<p><strong>Latinsko ime <\/strong><em>Nicotiana rustica<\/em><strong><br \/>\nTako\u0111e poznat kao <\/strong>Tobacco, Masatos, Thuoc Lao, Mapacho<\/p>\n<p><strong>Poreklo: <\/strong>Perua<\/p>\n<p>Nicotiana rustica, commonly known as wild tobacco, is a species native to South America. It is characterized by its robust growth and high nicotine content compared to other tobacco species. Wild tobacco has a long history of use in indigenous cultures for ceremonial, medicinal, and recreational purposes. It typically grows in a variety of habitats, including open fields and disturbed areas, and produces small, trumpet-shaped flowers. The leaves of Nicotiana rustica are often smaller and more pungent than those of other tobacco species, making it less commonly cultivated for commercial tobacco products but still valued for its potency in traditional and ritualistic practices.<\/p>\n<p><strong>Warning:<\/strong> Nicotiana rustica, or wild tobacco, contains high levels of nicotine and other potentially harmful compounds. It is not intended for consumption or ingestion. Handling and use should be done with caution. Keep Nicotiana rustica products out of reach of children and pets to prevent accidental ingestion or exposure. If accidental ingestion or exposure occurs, seek medical attention or Tobacco practitioner immediately.<\/p>\n<p>&nbsp;<\/p>","protected":false},"excerpt":{"rendered":"<p>Nicotiana rustica iz Perua \u2014 Mapacho sa visokim sadr\u017eajem nikotina, kori\u0161\u0107en od strane autohtonih plemena za ceremoniju i le\u010denje. Sadr\u017ei daleko vi\u0161e alkaloida od komercijalnog duvana \u2014 nije za rekreativno pu\u0161enje, ve\u0107 za uzemljenje, pro\u010di\u0161\u0107enje i energetsku za\u0161titu u ceremoniji.<\/p>","protected":false},"featured_media":4440,"comment_status":"open","ping_status":"closed","template":"","meta":{"site-sidebar-layout":"default","site-content-layout":"default","ast-site-content-layout":"default","site-content-style":"default","site-sidebar-style":"default","ast-global-header-display":"","ast-banner-title-visibility":"","ast-main-header-display":"","ast-hfb-above-header-display":"","ast-hfb-below-header-display":"","ast-hfb-mobile-header-display":"","site-post-title":"","ast-breadcrumbs-content":"","ast-featured-img":"","footer-sml-layout":"","ast-disable-related-posts":"","theme-transparent-header-meta":"default","adv-header-id-meta":"","stick-header-meta":"","header-above-stick-meta":"","header-main-stick-meta":"","header-below-stick-meta":"","astra-migrate-meta-layouts":"set","ast-page-background-enabled":"default","ast-page-background-meta":{"desktop":{"background-color":"","background-image":"","background-repeat":"repeat","background-position":"center center","background-size":"auto","background-attachment":"scroll","background-type":"","background-media":"","overlay-type":"","overlay-color":"","overlay-opacity":"","overlay-gradient":""},"tablet":{"background-color":"","background-image":"","background-repeat":"repeat","background-position":"center center","background-size":"auto","background-attachment":"scroll","background-type":"","background-media":"","overlay-type":"","overlay-color":"","overlay-opacity":"","overlay-gradient":""},"mobile":{"background-color":"","background-image":"","background-repeat":"repeat","background-position":"center center","background-size":"auto","background-attachment":"scroll","background-type":"","background-media":"","overlay-type":"","overlay-color":"","overlay-opacity":"","overlay-gradient":""}},"ast-content-background-meta":{"desktop":{"background-color":"var(--ast-global-color-5)","background-image":"","background-repeat":"repeat","background-position":"center center","background-size":"auto","background-attachment":"scroll","background-type":"","background-media":"","overlay-type":"","overlay-color":"","overlay-opacity":"","overlay-gradient":""},"tablet":{"background-color":"var(--ast-global-color-5)","background-image":"","background-repeat":"repeat","background-position":"center center","background-size":"auto","background-attachment":"scroll","background-type":"","background-media":"","overlay-type":"","overlay-color":"","overlay-opacity":"","overlay-gradient":""},"mobile":{"background-color":"var(--ast-global-color-5)","background-image":"","background-repeat":"repeat","background-position":"center center","background-size":"auto","background-attachment":"scroll","background-type":"","background-media":"","overlay-type":"","overlay-color":"","overlay-opacity":"","overlay-gradient":""}}},"product_brand":[],"product_cat":[17,16],"product_tag":[],"class_list":{"0":"post-4436","1":"product","2":"type-product","3":"status-publish","4":"has-post-thumbnail","6":"product_cat-herbs","7":"product_cat-tools","8":"desktop-align-right","9":"tablet-align-left","10":"mobile-align-left","12":"first","13":"instock","14":"taxable","15":"shipping-taxable","16":"purchasable","17":"product-type-simple"},"jetpack_sharing_enabled":true,"_links":{"self":[{"href":"https:\/\/resolute-leopard-f48e03.instawp.site\/sr\/wp-json\/wp\/v2\/product\/4436","targetHints":{"allow":["GET"]}}],"collection":[{"href":"https:\/\/resolute-leopard-f48e03.instawp.site\/sr\/wp-json\/wp\/v2\/product"}],"about":[{"href":"https:\/\/resolute-leopard-f48e03.instawp.site\/sr\/wp-json\/wp\/v2\/types\/product"}],"replies":[{"embeddable":true,"href":"https:\/\/resolute-leopard-f48e03.instawp.site\/sr\/wp-json\/wp\/v2\/comments?post=4436"}],"version-history":[{"count":5,"href":"https:\/\/resolute-leopard-f48e03.instawp.site\/sr\/wp-json\/wp\/v2\/product\/4436\/revisions"}],"predecessor-version":[{"id":9204,"href":"https:\/\/resolute-leopard-f48e03.instawp.site\/sr\/wp-json\/wp\/v2\/product\/4436\/revisions\/9204"}],"wp:featuredmedia":[{"embeddable":true,"href":"https:\/\/resolute-leopard-f48e03.instawp.site\/sr\/wp-json\/wp\/v2\/media\/4440"}],"wp:attachment":[{"href":"https:\/\/resolute-leopard-f48e03.instawp.site\/sr\/wp-json\/wp\/v2\/media?parent=4436"}],"wp:term":[{"taxonomy":"product_brand","embeddable":true,"href":"https:\/\/resolute-leopard-f48e03.instawp.site\/sr\/wp-json\/wp\/v2\/product_brand?post=4436"},{"taxonomy":"product_cat","embeddable":true,"href":"https:\/\/resolute-leopard-f48e03.instawp.site\/sr\/wp-json\/wp\/v2\/product_cat?post=4436"},{"taxonomy":"product_tag","embeddable":true,"href":"https:\/\/resolute-leopard-f48e03.instawp.site\/sr\/wp-json\/wp\/v2\/product_tag?post=4436"}],"curies":[{"name":"wp","href":"https:\/\/api.w.org\/{rel}","templated":true}]}}