{"id":3025,"date":"2023-04-04T16:39:22","date_gmt":"2023-04-04T14:39:22","guid":{"rendered":"https:\/\/resolute-leopard-f48e03.instawp.site\/?post_type=product&#038;p=3025"},"modified":"2026-04-16T23:54:16","modified_gmt":"2026-04-02T22:43:51","slug":"cacao-rape","status":"publish","type":"product","link":"https:\/\/resolute-leopard-f48e03.instawp.site\/sr\/\u043f\u0440\u043e\u0438\u0437\u0432\u043e\u0434\/cacao-rape\/","title":{"rendered":"Cacao Huni Kuin Rap\u00e9 - Kakao Biljka Amazona"},"content":{"rendered":"<p><strong>Tako\u0111e poznat kao <\/strong><a href=\"https:\/\/curandero.love\/what-is-rapeh\/\" target=\"_blank\" rel=\"noopener\">Rap\u00e9, Hap\u00e9, Indian Snuffs, Rome Poto.<\/a><br \/>\n<strong>Poreklo: <\/strong>Brasil<\/p>\n<p data-start=\"173\" data-end=\"234\"><strong data-start=\"173\" data-end=\"234\">Kakao Rap\u00e9 \u2013 lek za srce koji donosi jasno\u0107u i snagu<\/strong><\/p>\n<p data-start=\"236\" data-end=\"587\">Ovaj mo\u0107ni Kakao Rap\u00e9 je sveta me\u0161avina izra\u0111ena sa pepelom <em data-start=\"303\" data-end=\"320\">Theobroma cacao<\/em>, <em data-start=\"322\" data-end=\"341\">Nicotiana rustica<\/em>, <em data-start=\"347\" data-end=\"356\">.<\/em>spajaju\u0107i mudrost tri po\u0161tovane biljne u\u010ditelje u jedno mo\u0107no iskustvo. Poreklo ovog rap\u00e9a je direktno iz plemena Huni Kuin u Brazilu, i nosi autenti\u010dnost drevne amazonske tradicije i ritualne pripreme.<\/p>\n<p data-start=\"589\" data-end=\"997\"><strong data-start=\"589\" data-end=\"611\">Energetski efekat<\/strong><br data-start=\"611\" data-end=\"614\" \/>Kakao Rap\u00e9 duboko otvara srce, stvaraju\u0107i jasan energetski tok kroz sve \u010dakre\u2014posebno sr\u010danu, solarnu pleksus i tre\u0107e oko. Poma\u017ee u uskla\u0111ivanju emocionalnog tela sa umom i duhom, ja\u010daju\u0107i intuiciju, prisutnost i povezivanje. Ovaj rap\u00e9 je idealan za trenutke unutra\u0161njeg rada, meditacije, duhovnih ceremonija ili kada se tra\u017ei emocionalna ravnote\u017ea i jasno\u0107a svrhe.<\/p>\n<p data-start=\"999\" data-end=\"1413\"><strong data-start=\"999\" data-end=\"1021\">Fizi\u010dki Benefiti:<\/strong><br data-start=\"1021\" data-end=\"1024\" \/>Bogat prirodnim antioksidansima i napravljen od pepela kore stabla kakaoa poznatog po tome da podsti\u010de preuzimanje dopamina, ovaj blend podr\u017eava fokus, ose\u0107aj radosti i mentalnu jasno\u0107u. Tako\u0111e deluje kao diuretik, ne\u017eno detoksikuju\u0107i organizam podsticanjem izbacivanja vi\u0161ka vode i \u010di\u0161\u0107enjem znojnih kanala \u2014 \u0161to ga \u010dini naro\u010dito korisnim pre, tokom ili nakon Kambo sesija kada su prisutni nadutost ili zadr\u017eavanje te\u010dnosti.<\/p>\n<p data-start=\"1415\" data-end=\"1433\"><strong data-start=\"1415\" data-end=\"1431\">Kada koristiti :<\/strong><\/p>\n<ul data-start=\"1434\" data-end=\"1693\">\n<li data-start=\"1434\" data-end=\"1499\">\n<p data-start=\"1436\" data-end=\"1499\">Pre rituala fokus staviti na srce uz meditaciju ili zvu\u010dno putovanje<\/p>\n<\/li>\n<li data-start=\"1500\" data-end=\"1558\">\n<p data-start=\"1502\" data-end=\"1558\">Kao priprema za Kambo ili kao podr\u0161ka u integraciji nakon Kambo tretmana<\/p>\n<\/li>\n<li data-start=\"1559\" data-end=\"1633\">\n<p data-start=\"1561\" data-end=\"1633\">Kada se tra\u017ei emocionalno osloba\u0111anje, mentalna jasno\u0107a ili duhovno uskla\u0111ivanje<\/p>\n<\/li>\n<li data-start=\"1634\" data-end=\"1693\">\n<p data-start=\"1636\" data-end=\"1693\">U trenucima te\u017eine, konfuzije ili energetske stagnacije<\/p>\n<\/li>\n<\/ul>\n<p data-start=\"1695\" data-end=\"1751\"><strong data-start=\"1695\" data-end=\"1708\">Snaga:<\/strong> Sna\u017ean<br data-start=\"1720\" data-end=\"1723\" \/><strong data-start=\"1723\" data-end=\"1733\">Pleme:<\/strong> Huni Kuin, Brazil<\/p>\n<p data-start=\"1753\" data-end=\"1893\" data-is-last-node=\"\" data-is-only-node=\"\">Neka vas ovaj retki i mo\u0107ni rap\u00e9 vrati u centar va\u0161eg bi\u0107a\u2014sa prizemljenom prisutno\u0161\u0107u, otvorenim srcem i jasnom vizijom.<\/p>\n<p><strong>Zanimljivo \u0161tivo:<\/strong><\/p>\n<p>Da li \u017eelite da saznate vi\u0161e o amazonskim autohtonim plemenima ili kulturama drugih plemena \u0161irom sveta? Pogledajte <a href=\"https:\/\/curandero.love\/blog\/\" target=\"_blank\" rel=\"noreferrer noopener\" data-type=\"URL\" data-id=\"https:\/\/curandero.love\/blog\/\">Blog<\/a><\/p>","protected":false},"excerpt":{"rendered":"<p>Rap\u00e9 od Huni Kuin plemena Brazila \u2014 kakao, Mapacho i Nicotiana rustica u jednom miksu koji otvara srce. Otvara srce i uskla\u0111uje emociju sa namerom, tri biljke u\u010diteljice u jednoj me\u0161avini.<\/p>","protected":false},"featured_media":6921,"comment_status":"open","ping_status":"closed","template":"","meta":{"site-sidebar-layout":"default","site-content-layout":"default","ast-site-content-layout":"default","site-content-style":"default","site-sidebar-style":"default","ast-global-header-display":"","ast-banner-title-visibility":"","ast-main-header-display":"","ast-hfb-above-header-display":"","ast-hfb-below-header-display":"","ast-hfb-mobile-header-display":"","site-post-title":"","ast-breadcrumbs-content":"","ast-featured-img":"","footer-sml-layout":"","ast-disable-related-posts":"","theme-transparent-header-meta":"default","adv-header-id-meta":"","stick-header-meta":"","header-above-stick-meta":"","header-main-stick-meta":"","header-below-stick-meta":"","astra-migrate-meta-layouts":"set","ast-page-background-enabled":"default","ast-page-background-meta":{"desktop":{"background-color":"","background-image":"","background-repeat":"repeat","background-position":"center center","background-size":"auto","background-attachment":"scroll","background-type":"","background-media":"","overlay-type":"","overlay-color":"","overlay-opacity":"","overlay-gradient":""},"tablet":{"background-color":"","background-image":"","background-repeat":"repeat","background-position":"center center","background-size":"auto","background-attachment":"scroll","background-type":"","background-media":"","overlay-type":"","overlay-color":"","overlay-opacity":"","overlay-gradient":""},"mobile":{"background-color":"","background-image":"","background-repeat":"repeat","background-position":"center center","background-size":"auto","background-attachment":"scroll","background-type":"","background-media":"","overlay-type":"","overlay-color":"","overlay-opacity":"","overlay-gradient":""}},"ast-content-background-meta":{"desktop":{"background-color":"var(--ast-global-color-5)","background-image":"","background-repeat":"repeat","background-position":"center center","background-size":"auto","background-attachment":"scroll","background-type":"","background-media":"","overlay-type":"","overlay-color":"","overlay-opacity":"","overlay-gradient":""},"tablet":{"background-color":"var(--ast-global-color-5)","background-image":"","background-repeat":"repeat","background-position":"center center","background-size":"auto","background-attachment":"scroll","background-type":"","background-media":"","overlay-type":"","overlay-color":"","overlay-opacity":"","overlay-gradient":""},"mobile":{"background-color":"var(--ast-global-color-5)","background-image":"","background-repeat":"repeat","background-position":"center center","background-size":"auto","background-attachment":"scroll","background-type":"","background-media":"","overlay-type":"","overlay-color":"","overlay-opacity":"","overlay-gradient":""}}},"product_brand":[],"product_cat":[30],"product_tag":[],"class_list":{"0":"post-3025","1":"product","2":"type-product","3":"status-publish","4":"has-post-thumbnail","6":"product_cat-rape","7":"desktop-align-right","8":"tablet-align-left","9":"mobile-align-left","11":"first","12":"instock","13":"taxable","14":"shipping-taxable","15":"purchasable","16":"product-type-variable"},"jetpack_sharing_enabled":true,"_links":{"self":[{"href":"https:\/\/resolute-leopard-f48e03.instawp.site\/sr\/wp-json\/wp\/v2\/product\/3025","targetHints":{"allow":["GET"]}}],"collection":[{"href":"https:\/\/resolute-leopard-f48e03.instawp.site\/sr\/wp-json\/wp\/v2\/product"}],"about":[{"href":"https:\/\/resolute-leopard-f48e03.instawp.site\/sr\/wp-json\/wp\/v2\/types\/product"}],"replies":[{"embeddable":true,"href":"https:\/\/resolute-leopard-f48e03.instawp.site\/sr\/wp-json\/wp\/v2\/comments?post=3025"}],"version-history":[{"count":5,"href":"https:\/\/resolute-leopard-f48e03.instawp.site\/sr\/wp-json\/wp\/v2\/product\/3025\/revisions"}],"predecessor-version":[{"id":9190,"href":"https:\/\/resolute-leopard-f48e03.instawp.site\/sr\/wp-json\/wp\/v2\/product\/3025\/revisions\/9190"}],"wp:featuredmedia":[{"embeddable":true,"href":"https:\/\/resolute-leopard-f48e03.instawp.site\/sr\/wp-json\/wp\/v2\/media\/6921"}],"wp:attachment":[{"href":"https:\/\/resolute-leopard-f48e03.instawp.site\/sr\/wp-json\/wp\/v2\/media?parent=3025"}],"wp:term":[{"taxonomy":"product_brand","embeddable":true,"href":"https:\/\/resolute-leopard-f48e03.instawp.site\/sr\/wp-json\/wp\/v2\/product_brand?post=3025"},{"taxonomy":"product_cat","embeddable":true,"href":"https:\/\/resolute-leopard-f48e03.instawp.site\/sr\/wp-json\/wp\/v2\/product_cat?post=3025"},{"taxonomy":"product_tag","embeddable":true,"href":"https:\/\/resolute-leopard-f48e03.instawp.site\/sr\/wp-json\/wp\/v2\/product_tag?post=3025"}],"curies":[{"name":"wp","href":"https:\/\/api.w.org\/{rel}","templated":true}]}}