{"id":3017,"date":"2023-04-04T16:12:54","date_gmt":"2023-04-04T14:12:54","guid":{"rendered":"https:\/\/resolute-leopard-f48e03.instawp.site\/?post_type=product&#038;p=3017"},"modified":"2026-04-16T23:54:16","modified_gmt":"2026-04-02T22:43:51","slug":"yurema-rape","status":"publish","type":"product","link":"https:\/\/resolute-leopard-f48e03.instawp.site\/sr\/\u043f\u0440\u043e\u0438\u0437\u0432\u043e\u0434\/yurema-rape\/","title":{"rendered":"Yurema Rap\u00e9 - Sveta Mimosa Amazona"},"content":{"rendered":"<p data-start=\"0\" data-end=\"78\"><strong data-start=\"0\" data-end=\"18\">Tako\u0111e poznat kao<\/strong> Rap\u00e9, Hap\u00e9, Indian Snuffs, Rome Poto<br data-start=\"55\" data-end=\"58\" \/><strong data-start=\"58\" data-end=\"69\">Poreklo:<\/strong> Brazil<\/p>\n<p data-start=\"80\" data-end=\"141\"><strong data-start=\"80\" data-end=\"139\">Yurema Rap\u00e9 \u2013 dubinsko pro\u010di\u0161\u0107enje, fokus i unutra\u0161nja stabilnost<\/strong><\/p>\n<p data-start=\"143\" data-end=\"603\">This traditional Yurema Rap\u00e9 is a sacred blend made with the ashes of <em data-start=\"213\" data-end=\"232\">Mimosa tenuiflora<\/em>, combined with <em data-start=\"248\" data-end=\"267\">Nicotiana rustica<\/em> Ovaj tradicionalni Yurema Rap\u00e9 je sveta me\u0161avina izra\u0111ena sa pepelom biljke Mimosa tenuiflora, uz Nicotiana rustica i druge biljne komponente, spajaju\u0107i snagu amazonske tradicije i dubokog unutra\u0161njeg rada. Biljka Yurema, poznata i kao jurema preta, vekovima ima centralno mesto u duhovnim i isceliteljskim praksama autohtonih naroda Brazila, posebno zbog svoje upotrebe u ritualima \u010di\u0161\u0107enja, introspekcije i povezivanja sa unutra\u0161njom snagom. <em data-start=\"388\" data-end=\"402\">jurema preta<\/em>, has held a central place for centuries in the spiritual and healing practices of indigenous peoples in Brazil, especially in rituals of cleansing, introspection, and connection with inner strength.<\/p>\n<p data-start=\"605\" data-end=\"1023\"><strong data-start=\"605\" data-end=\"625\">Energetski efekat<\/strong><br data-start=\"625\" data-end=\"628\" \/>Yurema Rap\u00e9 deluje prizemljuju\u0107e i centriraju\u0107e, sa sna\u017enim fokusom na mentalnu jasno\u0107u i stabilizaciju unutra\u0161njeg prostora. Posebno podr\u017eava rad tre\u0107eg oka, sr\u010dane \u010dakre i centra volje, poma\u017eu\u0107i da se misli razbistre, emocije umire i pa\u017enja vrati u sada\u0161nji trenutak. \u010cesto se koristi u periodima unutra\u0161nje transformacije, duboke meditacije i duhovne introspekcije.<\/p>\n<p data-start=\"1025\" data-end=\"1400\"><strong data-start=\"1025\" data-end=\"1046\">Fizi\u010dki benefiti<\/strong><br data-start=\"1046\" data-end=\"1049\" \/>Tradicionalno se povezuje sa pro\u010di\u0161\u0107avaju\u0107im delovanjem, podr\u0161kom respiratornom sistemu i blagim antisepti\u010dkim efektima. Kora Yureme je u etnobotani\u010dkim studijama poznata po visokom sadr\u017eaju tanina i bioaktivnih jedinjenja, zbog \u010dega se u tradicionalnoj medicini koristi za regeneraciju tkiva, smirivanje upala i podr\u0161ku detoksikaciji organizma.<\/p>\n<p data-start=\"1402\" data-end=\"1420\"><strong data-start=\"1402\" data-end=\"1418\">Kada koristiti :<\/strong><\/p>\n<ul data-start=\"1422\" data-end=\"1656\">\n<li data-section-id=\"143df9y\" data-start=\"1422\" data-end=\"1469\">Tokom meditacije i rada na unutra\u0161njem fokusu<\/li>\n<li data-section-id=\"1epzoq9\" data-start=\"1470\" data-end=\"1531\">Kada postoji mentalna rasutost ili emocionalna napetost<\/li>\n<li data-section-id=\"djeupo\" data-start=\"1532\" data-end=\"1587\">Kao podr\u0161ka pre ili nakon dubokih energetskih procesa<\/li>\n<li data-section-id=\"dexhge\" data-start=\"1588\" data-end=\"1656\">U trenucima unutra\u0161njeg preispitivanja i tra\u017eenja jasnog pravca<\/li>\n<\/ul>\n<p data-start=\"1658\" data-end=\"1759\"><strong data-start=\"1658\" data-end=\"1671\">Snaga:<\/strong> Sna\u017ean<br data-start=\"1678\" data-end=\"1681\" \/><strong data-start=\"1681\" data-end=\"1691\">Biljka: Mimosa tenuiflora<\/strong> <em data-start=\"1692\" data-end=\"1711\">Mimosa tenuiflora<\/em><br data-start=\"1711\" data-end=\"1714\" \/><strong data-start=\"1714\" data-end=\"1737\">Poreklo tradicije<\/strong> severoisto\u010dni Brazil<\/p>\n<p>Da li \u017eelite da saznate vi\u0161e o amazonskim autohtonim plemenima ili kulturama drugih plemena \u0161irom sveta? Pogledajte <a href=\"https:\/\/curandero.love\/blog\/\" target=\"_blank\" rel=\"noreferrer noopener\" data-type=\"URL\" data-id=\"https:\/\/curandero.love\/blog\/\">Blog<\/a><\/p>","protected":false},"excerpt":{"rendered":"<p>Rap\u00e9 iz Brazila \u2014 Yurema sa Mimosa tenuiflora za duboko \u010di\u0161\u0107enje i unutra\u0161nju stabilnost. Uzemljuje i centrira sa te\u017einom, a Jurema preta dr\u017ei centralno mesto u brazilskom domoroda\u010dkom le\u010denju vekovima.<\/p>","protected":false},"featured_media":3023,"comment_status":"open","ping_status":"closed","template":"","meta":{"site-sidebar-layout":"default","site-content-layout":"default","ast-site-content-layout":"default","site-content-style":"default","site-sidebar-style":"default","ast-global-header-display":"","ast-banner-title-visibility":"","ast-main-header-display":"","ast-hfb-above-header-display":"","ast-hfb-below-header-display":"","ast-hfb-mobile-header-display":"","site-post-title":"","ast-breadcrumbs-content":"","ast-featured-img":"","footer-sml-layout":"","ast-disable-related-posts":"","theme-transparent-header-meta":"default","adv-header-id-meta":"","stick-header-meta":"","header-above-stick-meta":"","header-main-stick-meta":"","header-below-stick-meta":"","astra-migrate-meta-layouts":"set","ast-page-background-enabled":"default","ast-page-background-meta":{"desktop":{"background-color":"","background-image":"","background-repeat":"repeat","background-position":"center center","background-size":"auto","background-attachment":"scroll","background-type":"","background-media":"","overlay-type":"","overlay-color":"","overlay-opacity":"","overlay-gradient":""},"tablet":{"background-color":"","background-image":"","background-repeat":"repeat","background-position":"center center","background-size":"auto","background-attachment":"scroll","background-type":"","background-media":"","overlay-type":"","overlay-color":"","overlay-opacity":"","overlay-gradient":""},"mobile":{"background-color":"","background-image":"","background-repeat":"repeat","background-position":"center center","background-size":"auto","background-attachment":"scroll","background-type":"","background-media":"","overlay-type":"","overlay-color":"","overlay-opacity":"","overlay-gradient":""}},"ast-content-background-meta":{"desktop":{"background-color":"var(--ast-global-color-5)","background-image":"","background-repeat":"repeat","background-position":"center center","background-size":"auto","background-attachment":"scroll","background-type":"","background-media":"","overlay-type":"","overlay-color":"","overlay-opacity":"","overlay-gradient":""},"tablet":{"background-color":"var(--ast-global-color-5)","background-image":"","background-repeat":"repeat","background-position":"center center","background-size":"auto","background-attachment":"scroll","background-type":"","background-media":"","overlay-type":"","overlay-color":"","overlay-opacity":"","overlay-gradient":""},"mobile":{"background-color":"var(--ast-global-color-5)","background-image":"","background-repeat":"repeat","background-position":"center center","background-size":"auto","background-attachment":"scroll","background-type":"","background-media":"","overlay-type":"","overlay-color":"","overlay-opacity":"","overlay-gradient":""}}},"product_brand":[],"product_cat":[30],"product_tag":[],"class_list":{"0":"post-3017","1":"product","2":"type-product","3":"status-publish","4":"has-post-thumbnail","6":"product_cat-rape","7":"desktop-align-right","8":"tablet-align-left","9":"mobile-align-left","11":"first","12":"instock","13":"taxable","14":"shipping-taxable","15":"purchasable","16":"product-type-variable"},"jetpack_sharing_enabled":true,"_links":{"self":[{"href":"https:\/\/resolute-leopard-f48e03.instawp.site\/sr\/wp-json\/wp\/v2\/product\/3017","targetHints":{"allow":["GET"]}}],"collection":[{"href":"https:\/\/resolute-leopard-f48e03.instawp.site\/sr\/wp-json\/wp\/v2\/product"}],"about":[{"href":"https:\/\/resolute-leopard-f48e03.instawp.site\/sr\/wp-json\/wp\/v2\/types\/product"}],"replies":[{"embeddable":true,"href":"https:\/\/resolute-leopard-f48e03.instawp.site\/sr\/wp-json\/wp\/v2\/comments?post=3017"}],"version-history":[{"count":5,"href":"https:\/\/resolute-leopard-f48e03.instawp.site\/sr\/wp-json\/wp\/v2\/product\/3017\/revisions"}],"predecessor-version":[{"id":9189,"href":"https:\/\/resolute-leopard-f48e03.instawp.site\/sr\/wp-json\/wp\/v2\/product\/3017\/revisions\/9189"}],"wp:featuredmedia":[{"embeddable":true,"href":"https:\/\/resolute-leopard-f48e03.instawp.site\/sr\/wp-json\/wp\/v2\/media\/3023"}],"wp:attachment":[{"href":"https:\/\/resolute-leopard-f48e03.instawp.site\/sr\/wp-json\/wp\/v2\/media?parent=3017"}],"wp:term":[{"taxonomy":"product_brand","embeddable":true,"href":"https:\/\/resolute-leopard-f48e03.instawp.site\/sr\/wp-json\/wp\/v2\/product_brand?post=3017"},{"taxonomy":"product_cat","embeddable":true,"href":"https:\/\/resolute-leopard-f48e03.instawp.site\/sr\/wp-json\/wp\/v2\/product_cat?post=3017"},{"taxonomy":"product_tag","embeddable":true,"href":"https:\/\/resolute-leopard-f48e03.instawp.site\/sr\/wp-json\/wp\/v2\/product_tag?post=3017"}],"curies":[{"name":"wp","href":"https:\/\/api.w.org\/{rel}","templated":true}]}}