{"id":170,"date":"2021-10-21T19:58:56","date_gmt":"2021-10-21T17:58:56","guid":{"rendered":"http:\/\/ivan.jan-geselle.com\/?post_type=product&#038;p=170"},"modified":"2026-04-16T23:54:16","modified_gmt":"2026-04-02T22:43:42","slug":"frankincense-resin","status":"publish","type":"product","link":"https:\/\/resolute-leopard-f48e03.instawp.site\/sr\/\u043f\u0440\u043e\u0438\u0437\u0432\u043e\u0434\/frankincense-resin\/","title":{"rendered":"Crni Kopal - Tamjan Protium Paniculatum 30g"},"content":{"rendered":"<p><strong>Frankincense Resin &#8211; Black Copal Protium Paniculatum 30g<\/strong> &#8211; Frankincense resin of quality, sourced with care and authenticity.<\/p>\n<p><strong>Latinsko ime <\/strong>Protium paniculatum<strong><br \/>\nTako\u0111e poznat kao <\/strong>Peruvian Copal, Black Copal, Palo Santo Resin<br \/>\n<strong>Poreklo:<\/strong> Perua<\/p>\n<h2>Protium paniculatum \u2013 Copal Black<\/h2>\n<p>Copal -Black- is harvested in the amazonian rainforest\u2019s of Peru. Black Copal originates of the Burseracea free-family which is the same tree-family as Palo Santo. This Copal is used in Peru during ayahuasca ceremonies to cleans the surroundings and participants of negative energies. <\/p>\n<h3>Key Benefits of Copal Black:<\/h3>\n<p>Fragrance: a very fresh, slightly citrus, forest fragrance with a pleasant balsamic touch<br \/>\nProperties: Cleansing and opens, brings mind and body in balance, works refreshing, stimulates and increase focus. <\/p>\n<h3>How to Burn Copal Black Resins:<\/h3>\n<p>Light the charcoal with matches or lighter for about 20 seconds until it self-ignites. Use tongs to hold it up (never hold it with your fingers alone or you might get burned). Place the lit charcoal in a bowl or any incense burner. The bowl or incense burner should be filled with sand or dirt. Let the charcoal warm for a few minutes. (It turns gray around the edges when it is ready) \u00a0Now you are ready! Add a small amount of Copal Black resin on top of the charcoal. The Copal Balck resin will burn and soon release essential, aromatic oils through the smoke. <em>Notice: Our products are not at \u201cfood grade\u201d and are not intended for consumption.<\/em><\/p>","protected":false},"excerpt":{"rendered":"<p>Tamjan iz Perua \u2014 Crni Kopal sa sve\u017eim citrusno-\u0161umskim mirisom, kori\u0161\u0107en u amazonskoj ceremoniji za \u010di\u0161\u0107enje. Dovodi um i telo u ravnote\u017eu; kori\u0161\u0107en u ajahuaska ceremoniji za \u010di\u0161\u0107enje u\u010desnika i prostora od te\u0161ke energije.<\/p>","protected":false},"featured_media":408,"comment_status":"open","ping_status":"closed","template":"","meta":{"site-sidebar-layout":"default","site-content-layout":"","ast-site-content-layout":"default","site-content-style":"default","site-sidebar-style":"default","ast-global-header-display":"","ast-banner-title-visibility":"","ast-main-header-display":"","ast-hfb-above-header-display":"","ast-hfb-below-header-display":"","ast-hfb-mobile-header-display":"","site-post-title":"","ast-breadcrumbs-content":"","ast-featured-img":"","footer-sml-layout":"","ast-disable-related-posts":"","theme-transparent-header-meta":"default","adv-header-id-meta":"","stick-header-meta":"","header-above-stick-meta":"","header-main-stick-meta":"","header-below-stick-meta":"","astra-migrate-meta-layouts":"set","ast-page-background-enabled":"default","ast-page-background-meta":{"desktop":{"background-color":"","background-image":"","background-repeat":"repeat","background-position":"center center","background-size":"auto","background-attachment":"scroll","background-type":"","background-media":"","overlay-type":"","overlay-color":"","overlay-opacity":"","overlay-gradient":""},"tablet":{"background-color":"","background-image":"","background-repeat":"repeat","background-position":"center center","background-size":"auto","background-attachment":"scroll","background-type":"","background-media":"","overlay-type":"","overlay-color":"","overlay-opacity":"","overlay-gradient":""},"mobile":{"background-color":"","background-image":"","background-repeat":"repeat","background-position":"center center","background-size":"auto","background-attachment":"scroll","background-type":"","background-media":"","overlay-type":"","overlay-color":"","overlay-opacity":"","overlay-gradient":""}},"ast-content-background-meta":{"desktop":{"background-color":"var(--ast-global-color-5)","background-image":"","background-repeat":"repeat","background-position":"center center","background-size":"auto","background-attachment":"scroll","background-type":"","background-media":"","overlay-type":"","overlay-color":"","overlay-opacity":"","overlay-gradient":""},"tablet":{"background-color":"var(--ast-global-color-5)","background-image":"","background-repeat":"repeat","background-position":"center center","background-size":"auto","background-attachment":"scroll","background-type":"","background-media":"","overlay-type":"","overlay-color":"","overlay-opacity":"","overlay-gradient":""},"mobile":{"background-color":"var(--ast-global-color-5)","background-image":"","background-repeat":"repeat","background-position":"center center","background-size":"auto","background-attachment":"scroll","background-type":"","background-media":"","overlay-type":"","overlay-color":"","overlay-opacity":"","overlay-gradient":""}}},"product_brand":[],"product_cat":[18],"product_tag":[],"class_list":{"0":"post-170","1":"product","2":"type-product","3":"status-publish","4":"has-post-thumbnail","6":"product_cat-incense","7":"desktop-align-right","8":"tablet-align-left","9":"mobile-align-left","11":"first","12":"instock","13":"taxable","14":"shipping-taxable","15":"purchasable","16":"product-type-simple"},"jetpack_sharing_enabled":true,"_links":{"self":[{"href":"https:\/\/resolute-leopard-f48e03.instawp.site\/sr\/wp-json\/wp\/v2\/product\/170","targetHints":{"allow":["GET"]}}],"collection":[{"href":"https:\/\/resolute-leopard-f48e03.instawp.site\/sr\/wp-json\/wp\/v2\/product"}],"about":[{"href":"https:\/\/resolute-leopard-f48e03.instawp.site\/sr\/wp-json\/wp\/v2\/types\/product"}],"replies":[{"embeddable":true,"href":"https:\/\/resolute-leopard-f48e03.instawp.site\/sr\/wp-json\/wp\/v2\/comments?post=170"}],"version-history":[{"count":3,"href":"https:\/\/resolute-leopard-f48e03.instawp.site\/sr\/wp-json\/wp\/v2\/product\/170\/revisions"}],"predecessor-version":[{"id":9159,"href":"https:\/\/resolute-leopard-f48e03.instawp.site\/sr\/wp-json\/wp\/v2\/product\/170\/revisions\/9159"}],"wp:featuredmedia":[{"embeddable":true,"href":"https:\/\/resolute-leopard-f48e03.instawp.site\/sr\/wp-json\/wp\/v2\/media\/408"}],"wp:attachment":[{"href":"https:\/\/resolute-leopard-f48e03.instawp.site\/sr\/wp-json\/wp\/v2\/media?parent=170"}],"wp:term":[{"taxonomy":"product_brand","embeddable":true,"href":"https:\/\/resolute-leopard-f48e03.instawp.site\/sr\/wp-json\/wp\/v2\/product_brand?post=170"},{"taxonomy":"product_cat","embeddable":true,"href":"https:\/\/resolute-leopard-f48e03.instawp.site\/sr\/wp-json\/wp\/v2\/product_cat?post=170"},{"taxonomy":"product_tag","embeddable":true,"href":"https:\/\/resolute-leopard-f48e03.instawp.site\/sr\/wp-json\/wp\/v2\/product_tag?post=170"}],"curies":[{"name":"wp","href":"https:\/\/api.w.org\/{rel}","templated":true}]}}