{"id":1315,"date":"2022-10-30T01:55:35","date_gmt":"2022-10-29T23:55:35","guid":{"rendered":"http:\/\/ivan.jan-geselle.com\/?post_type=product&#038;p=1315"},"modified":"2026-04-16T23:54:16","modified_gmt":"2026-04-02T22:43:43","slug":"guayusa-tea","status":"publish","type":"product","link":"https:\/\/resolute-leopard-f48e03.instawp.site\/sr\/\u043f\u0440\u043e\u0438\u0437\u0432\u043e\u0434\/guayusa-tea\/","title":{"rendered":"Guayusa \u010caj - Energija Amazona 100g"},"content":{"rendered":"<p><strong>Guayusa Tea &#8211; Organic Ilex Guayusa Ecuador 100g<\/strong> &#8211; Guayusa tea of quality, sourced with care and authenticity.<\/p>\n<p><strong>Latinsko ime <\/strong><em>Ilex guayusa<br \/>\n<\/em><strong>Tako\u0111e poznat kao<\/strong> <em>guayusa, wayusa, <span class=\"sku_wrapper\"><span class=\"sku\">aguayusa<\/span><\/span>, waisa, wayus, wais<\/em><\/p>\n<p><strong>Poreklo:<\/strong> Ecuador<\/p>\n<p>&nbsp;<\/p>\n<h2><strong>Ilex guayusa<\/strong><\/h2>\n<p class=\"style4\"><em>Ilex guayusa<\/em> is one of three known caffeinated holly trees, like <a href=\"http:\/\/gaiana.nl\/shop\/stimulants\/yerba-mate\/\" target=\"_blank\" rel=\"noopener noreferrer\">Yerba Mate<\/a>, <em>Ilex guayusa <\/em>yields xanthines such as caffeine. The leaves of the <em>Ilex guayusa<\/em> tree are dried and brewed like a tea for their stimulative effects. <em>Ilex guayusa<\/em> can be used in addition to drinking a cup of\u00a0coffee. <\/p>\n<h3>The benefits of Ilex guayusa are:<\/h3>\n<p class=\"style4\">Some believe that <em>Ilex guayusa<\/em> also provides other benefits. It is touted as a top source of antioxidants, vitamins, and amino acids. <\/p>\n<ul>\n<li class=\"style3\">Induces mental clarity<\/li>\n<li>Sustains Energy Levels\/Reduce Fatigue<\/li>\n<li>Boosts the Immune System<\/li>\n<li>Helps Relieve Allergies<\/li>\n<li>Aids in Weight Control<\/li>\n<li>Inhibits Lipid Peroxidation<\/li>\n<li>Fights Bad Breath<\/li>\n<\/ul>","protected":false},"excerpt":{"rendered":"<p>\u010caj od Guayuse iz Ekvadora \u2014 Ilex guayusa za \u010distu, odr\u017eanu energiju. Kori\u0161\u0107en od strane autohtonih lovaca da ostanu budni celu no\u0107. Sadr\u017ei kofein, teobromin i antioksidante \u2014 ista kombinacija ksantina kao u kakaou, bez gor\u010dine.<\/p>","protected":false},"featured_media":1316,"comment_status":"open","ping_status":"closed","template":"","meta":{"site-sidebar-layout":"default","site-content-layout":"default","ast-site-content-layout":"default","site-content-style":"default","site-sidebar-style":"default","ast-global-header-display":"","ast-banner-title-visibility":"","ast-main-header-display":"","ast-hfb-above-header-display":"","ast-hfb-below-header-display":"","ast-hfb-mobile-header-display":"","site-post-title":"","ast-breadcrumbs-content":"","ast-featured-img":"","footer-sml-layout":"","ast-disable-related-posts":"","theme-transparent-header-meta":"default","adv-header-id-meta":"","stick-header-meta":"","header-above-stick-meta":"","header-main-stick-meta":"","header-below-stick-meta":"","astra-migrate-meta-layouts":"set","ast-page-background-enabled":"default","ast-page-background-meta":{"desktop":{"background-color":"","background-image":"","background-repeat":"repeat","background-position":"center center","background-size":"auto","background-attachment":"scroll","background-type":"","background-media":"","overlay-type":"","overlay-color":"","overlay-opacity":"","overlay-gradient":""},"tablet":{"background-color":"","background-image":"","background-repeat":"repeat","background-position":"center center","background-size":"auto","background-attachment":"scroll","background-type":"","background-media":"","overlay-type":"","overlay-color":"","overlay-opacity":"","overlay-gradient":""},"mobile":{"background-color":"","background-image":"","background-repeat":"repeat","background-position":"center center","background-size":"auto","background-attachment":"scroll","background-type":"","background-media":"","overlay-type":"","overlay-color":"","overlay-opacity":"","overlay-gradient":""}},"ast-content-background-meta":{"desktop":{"background-color":"var(--ast-global-color-5)","background-image":"","background-repeat":"repeat","background-position":"center center","background-size":"auto","background-attachment":"scroll","background-type":"","background-media":"","overlay-type":"","overlay-color":"","overlay-opacity":"","overlay-gradient":""},"tablet":{"background-color":"var(--ast-global-color-5)","background-image":"","background-repeat":"repeat","background-position":"center center","background-size":"auto","background-attachment":"scroll","background-type":"","background-media":"","overlay-type":"","overlay-color":"","overlay-opacity":"","overlay-gradient":""},"mobile":{"background-color":"var(--ast-global-color-5)","background-image":"","background-repeat":"repeat","background-position":"center center","background-size":"auto","background-attachment":"scroll","background-type":"","background-media":"","overlay-type":"","overlay-color":"","overlay-opacity":"","overlay-gradient":""}}},"product_brand":[],"product_cat":[17],"product_tag":[],"class_list":{"0":"post-1315","1":"product","2":"type-product","3":"status-publish","4":"has-post-thumbnail","6":"product_cat-herbs","7":"desktop-align-right","8":"tablet-align-left","9":"mobile-align-left","11":"first","12":"instock","13":"taxable","14":"shipping-taxable","15":"purchasable","16":"product-type-simple"},"jetpack_sharing_enabled":true,"_links":{"self":[{"href":"https:\/\/resolute-leopard-f48e03.instawp.site\/sr\/wp-json\/wp\/v2\/product\/1315","targetHints":{"allow":["GET"]}}],"collection":[{"href":"https:\/\/resolute-leopard-f48e03.instawp.site\/sr\/wp-json\/wp\/v2\/product"}],"about":[{"href":"https:\/\/resolute-leopard-f48e03.instawp.site\/sr\/wp-json\/wp\/v2\/types\/product"}],"replies":[{"embeddable":true,"href":"https:\/\/resolute-leopard-f48e03.instawp.site\/sr\/wp-json\/wp\/v2\/comments?post=1315"}],"version-history":[{"count":5,"href":"https:\/\/resolute-leopard-f48e03.instawp.site\/sr\/wp-json\/wp\/v2\/product\/1315\/revisions"}],"predecessor-version":[{"id":9182,"href":"https:\/\/resolute-leopard-f48e03.instawp.site\/sr\/wp-json\/wp\/v2\/product\/1315\/revisions\/9182"}],"wp:featuredmedia":[{"embeddable":true,"href":"https:\/\/resolute-leopard-f48e03.instawp.site\/sr\/wp-json\/wp\/v2\/media\/1316"}],"wp:attachment":[{"href":"https:\/\/resolute-leopard-f48e03.instawp.site\/sr\/wp-json\/wp\/v2\/media?parent=1315"}],"wp:term":[{"taxonomy":"product_brand","embeddable":true,"href":"https:\/\/resolute-leopard-f48e03.instawp.site\/sr\/wp-json\/wp\/v2\/product_brand?post=1315"},{"taxonomy":"product_cat","embeddable":true,"href":"https:\/\/resolute-leopard-f48e03.instawp.site\/sr\/wp-json\/wp\/v2\/product_cat?post=1315"},{"taxonomy":"product_tag","embeddable":true,"href":"https:\/\/resolute-leopard-f48e03.instawp.site\/sr\/wp-json\/wp\/v2\/product_tag?post=1315"}],"curies":[{"name":"wp","href":"https:\/\/api.w.org\/{rel}","templated":true}]}}