{"id":1072,"date":"2022-06-16T07:12:22","date_gmt":"2022-06-16T05:12:22","guid":{"rendered":"http:\/\/ivan.jan-geselle.com\/?post_type=product&#038;p=1072"},"modified":"2026-04-16T23:54:16","modified_gmt":"2026-04-02T22:43:43","slug":"white-sage","status":"publish","type":"product","link":"https:\/\/resolute-leopard-f48e03.instawp.site\/sr\/\u043f\u0440\u043e\u0438\u0437\u0432\u043e\u0434\/white-sage\/","title":{"rendered":"Bela \u017dalfija - Salvia Apiana za Sveto \u010ci\u0161\u0107enje 30g"},"content":{"rendered":"<p><strong>Latinsko ime <\/strong>Salvia apiana<strong><br \/>\nTako\u0111e poznat kao <\/strong>Bee Sage, California White Sage, Sacred Sage and Salvarial<\/p>\n<p><strong>Poreklo:<\/strong> California, USA<\/p>\n<h1>Salvia apiana \u2013 White Sage<\/h1>\n<p>The fragrance of our white sage brings you to the heart of the Mojave desert, where the dense gray white sage plant grows wild across the sun baked landscape of Oakland, California in the USA. Our white sage is sustainably sourced and harvested from wild native white sage plants, 100% wildcrafted.<\/p>\n<h3>Traditional use of White Sage:<\/h3>\n<p>This aromatic herb has been used for centuries as incense and in smudge pots for ceremonial use. In addition to being burned as incense, white sage has medicinal uses. Some Native American tribes used white sage to treat coughs and colds, or added to a sweat bath as a general tonic and fever reliever. Burning leaves have been used to fumigate a house or dwelling after a contagion, and to purify the air during illnesses. This is called &#8220;smudging&#8221;.<\/p>\n<h3>How To Smudge with White Sage:<\/h3>\n<p>Smudging finds its origin in the USA by the Native American tribes. Among Native American tribes, white sage is considered sacred and known as a spiritual herb. They burned herbs such as white sage to cleanse themselves and their environment from negative energy. The believe is that negative energies (spirits) do not tolerate the smoke of these burning herbs. And that this acts as a purifying function that attracts positive energies or good spirits<\/p>\n<h3>Key Benefits of White Sage:<\/h3>\n<p>White sage is known for its purifying properties. For example, it is antibacterial. In ancient medicine, white sage helped against all kinds of ailments. White sage is also suitable for meditation and for the removal of unwanted odors.<\/p>\n<p><strong>Fragrance:<\/strong> Strong and full, characteristic, bitter, Mediterranian<\/p>\n<p><strong>Properties:<\/strong> White sage is believed to cleanse a space of any evil spirits that may be present. The stems and leaves are used for smudging as part of purification ceremonies.<\/p>","protected":false},"excerpt":{"rendered":"<p>Bela \u017ealfija \u2014 divlje ubrana Salvia apiana za sveto \u010di\u0161\u0107enje i ceremoniju. Pali kao mirisni \u0161tapi\u0107 za \u010di\u0161\u0107enje prostora. Ubrana divlje u Kaliforniji \u2014 kori\u0161\u0107ena od strane domoroda\u010dkih plemena vekovima za fumigaciju prostora, pre\u010di\u0161\u0107avanje vazduha i pripremu za ceremoniju.<\/p>","protected":false},"featured_media":1075,"comment_status":"open","ping_status":"closed","template":"","meta":{"site-sidebar-layout":"default","site-content-layout":"default","ast-site-content-layout":"default","site-content-style":"default","site-sidebar-style":"default","ast-global-header-display":"","ast-banner-title-visibility":"","ast-main-header-display":"","ast-hfb-above-header-display":"","ast-hfb-below-header-display":"","ast-hfb-mobile-header-display":"","site-post-title":"","ast-breadcrumbs-content":"","ast-featured-img":"","footer-sml-layout":"","ast-disable-related-posts":"","theme-transparent-header-meta":"default","adv-header-id-meta":"","stick-header-meta":"","header-above-stick-meta":"","header-main-stick-meta":"","header-below-stick-meta":"","astra-migrate-meta-layouts":"set","ast-page-background-enabled":"default","ast-page-background-meta":{"desktop":{"background-color":"","background-image":"","background-repeat":"repeat","background-position":"center center","background-size":"auto","background-attachment":"scroll","background-type":"","background-media":"","overlay-type":"","overlay-color":"","overlay-opacity":"","overlay-gradient":""},"tablet":{"background-color":"","background-image":"","background-repeat":"repeat","background-position":"center center","background-size":"auto","background-attachment":"scroll","background-type":"","background-media":"","overlay-type":"","overlay-color":"","overlay-opacity":"","overlay-gradient":""},"mobile":{"background-color":"","background-image":"","background-repeat":"repeat","background-position":"center center","background-size":"auto","background-attachment":"scroll","background-type":"","background-media":"","overlay-type":"","overlay-color":"","overlay-opacity":"","overlay-gradient":""}},"ast-content-background-meta":{"desktop":{"background-color":"var(--ast-global-color-5)","background-image":"","background-repeat":"repeat","background-position":"center center","background-size":"auto","background-attachment":"scroll","background-type":"","background-media":"","overlay-type":"","overlay-color":"","overlay-opacity":"","overlay-gradient":""},"tablet":{"background-color":"var(--ast-global-color-5)","background-image":"","background-repeat":"repeat","background-position":"center center","background-size":"auto","background-attachment":"scroll","background-type":"","background-media":"","overlay-type":"","overlay-color":"","overlay-opacity":"","overlay-gradient":""},"mobile":{"background-color":"var(--ast-global-color-5)","background-image":"","background-repeat":"repeat","background-position":"center center","background-size":"auto","background-attachment":"scroll","background-type":"","background-media":"","overlay-type":"","overlay-color":"","overlay-opacity":"","overlay-gradient":""}}},"product_brand":[],"product_cat":[17,18],"product_tag":[],"class_list":{"0":"post-1072","1":"product","2":"type-product","3":"status-publish","4":"has-post-thumbnail","6":"product_cat-herbs","7":"product_cat-incense","8":"desktop-align-right","9":"tablet-align-left","10":"mobile-align-left","12":"first","13":"instock","14":"taxable","15":"shipping-taxable","16":"purchasable","17":"product-type-simple"},"jetpack_sharing_enabled":true,"_links":{"self":[{"href":"https:\/\/resolute-leopard-f48e03.instawp.site\/sr\/wp-json\/wp\/v2\/product\/1072","targetHints":{"allow":["GET"]}}],"collection":[{"href":"https:\/\/resolute-leopard-f48e03.instawp.site\/sr\/wp-json\/wp\/v2\/product"}],"about":[{"href":"https:\/\/resolute-leopard-f48e03.instawp.site\/sr\/wp-json\/wp\/v2\/types\/product"}],"replies":[{"embeddable":true,"href":"https:\/\/resolute-leopard-f48e03.instawp.site\/sr\/wp-json\/wp\/v2\/comments?post=1072"}],"version-history":[{"count":3,"href":"https:\/\/resolute-leopard-f48e03.instawp.site\/sr\/wp-json\/wp\/v2\/product\/1072\/revisions"}],"predecessor-version":[{"id":9177,"href":"https:\/\/resolute-leopard-f48e03.instawp.site\/sr\/wp-json\/wp\/v2\/product\/1072\/revisions\/9177"}],"wp:featuredmedia":[{"embeddable":true,"href":"https:\/\/resolute-leopard-f48e03.instawp.site\/sr\/wp-json\/wp\/v2\/media\/1075"}],"wp:attachment":[{"href":"https:\/\/resolute-leopard-f48e03.instawp.site\/sr\/wp-json\/wp\/v2\/media?parent=1072"}],"wp:term":[{"taxonomy":"product_brand","embeddable":true,"href":"https:\/\/resolute-leopard-f48e03.instawp.site\/sr\/wp-json\/wp\/v2\/product_brand?post=1072"},{"taxonomy":"product_cat","embeddable":true,"href":"https:\/\/resolute-leopard-f48e03.instawp.site\/sr\/wp-json\/wp\/v2\/product_cat?post=1072"},{"taxonomy":"product_tag","embeddable":true,"href":"https:\/\/resolute-leopard-f48e03.instawp.site\/sr\/wp-json\/wp\/v2\/product_tag?post=1072"}],"curies":[{"name":"wp","href":"https:\/\/api.w.org\/{rel}","templated":true}]}}