{"id":80,"date":"2021-09-06T19:42:06","date_gmt":"2021-09-06T19:42:06","guid":{"rendered":"http:\/\/ivan.jan-geselle.com\/?page_id=80"},"modified":"2024-06-03T18:47:21","modified_gmt":"2024-06-03T18:47:21","slug":"about","status":"publish","type":"page","link":"https:\/\/resolute-leopard-f48e03.instawp.site\/sr\/about\/","title":{"rendered":"U VEZI"},"content":{"rendered":"<div data-elementor-type=\"wp-page\" data-elementor-id=\"80\" class=\"elementor elementor-80\">\n\t\t\t\t\t\t<section class=\"elementor-section elementor-top-section elementor-element elementor-element-69846b39 elementor-section-boxed elementor-section-height-default elementor-section-height-default\" data-id=\"69846b39\" data-element_type=\"section\" data-e-type=\"section\" data-settings=\"{&quot;background_background&quot;:&quot;slideshow&quot;,&quot;background_slideshow_gallery&quot;:[],&quot;background_slideshow_loop&quot;:&quot;yes&quot;,&quot;background_slideshow_slide_duration&quot;:5000,&quot;background_slideshow_slide_transition&quot;:&quot;fade&quot;,&quot;background_slideshow_transition_duration&quot;:500}\">\n\t\t\t\t\t\t<div class=\"elementor-container elementor-column-gap-default\">\n\t\t\t\t\t<div class=\"elementor-column elementor-col-100 elementor-top-column elementor-element elementor-element-638629d\" data-id=\"638629d\" data-element_type=\"column\" data-e-type=\"column\">\n\t\t\t<div class=\"elementor-widget-wrap elementor-element-populated\">\n\t\t\t\t\t\t<div class=\"elementor-element elementor-element-3e7dbc84 elementor-widget elementor-widget-text-editor\" data-id=\"3e7dbc84\" data-element_type=\"widget\" data-e-type=\"widget\" data-widget_type=\"text-editor.default\">\n\t\t\t\t<div class=\"elementor-widget-container\">\n\t\t\t\t\t\t\t\t\t<p><\/p>\n<figure>\n<p style=\"font-size: 16px; font-style: normal;\">\u00a0<\/p>\n<p style=\"font-size: 16px; font-style: normal;\">\u00a0<\/p>\n<p style=\"font-size: 16px; font-style: normal;\">Curandero.love je brend koji se fokusira na povezivanje savremenog sveta sa svetom plemenskih zajednica i njihovih prirodnih lekovitih praksi.\u00a0<\/p>\n<p style=\"font-size: 16px; font-style: normal;\">Brend nudi blog koji istra\u017euje svet plemenskih zajednica, njihov pogled na prirodu i njihove prirodne lekove. Tako\u0111e organizuju predstoje\u0107e doga\u0111aje i seminare povezane sa ovim temama.<\/p>\n<p style=\"font-size: 16px; font-style: normal;\"><span style=\"font-style: inherit; background-color: var(--ast-global-color-5); color: var(--ast-global-color-3);\">Jedinstvena vrednost brenda je njegova sposobnost da uspostavi vezu izme\u0111u savremenog sveta i tradicionalnog znanja i praksi plemenskih zajednica. Njegov cilj je da edukuje i informi\u0161e svoju publiku o bogatom kulturnom nasle\u0111u i prirodnim metodama isceljenja ovih zajednica.<\/span><\/p>\n<p style=\"font-size: 16px; font-style: normal;\"><span style=\"font-style: inherit; background-color: var(--ast-global-color-5); color: var(--ast-global-color-3);\">\u00a0<\/span><span style=\"color: var(--ast-global-color-3); font-style: inherit; background-color: var(--ast-global-color-5);\">Curandero.love odgovara na ljudsku potrebu za dubljim razumevanjem i ve\u0107im po\u0161tovanjem prirode, kao i na \u017eelju da se istra\u017ee alternativni i holisti\u010dki pristupi zdravlju i blagostanju. Brend nastoji da probudi ose\u0107aj radoznalosti, divljenja i povezanosti sa prirodnim svetom.<\/span><\/p>\n<\/figure>\n<figure><img decoding=\"async\" data-src=\"https:\/\/resolute-leopard-f48e03.instawp.site\/wp-content\/uploads\/2021\/09\/ivan_sitting.jpg\" alt=\"\" src=\"data:image\/svg+xml;base64,PHN2ZyB3aWR0aD0iMSIgaGVpZ2h0PSIxIiB4bWxucz0iaHR0cDovL3d3dy53My5vcmcvMjAwMC9zdmciPjwvc3ZnPg==\" class=\"lazyload\" style=\"--smush-placeholder-width: 998px; --smush-placeholder-aspect-ratio: 998\/663;\" \/><\/figure>\n<p><\/p>\n<p>\u00a0<\/p>\n<p><em style=\"color: var(--ast-global-color-3);\">.\u00a0<a href=\"https:\/\/www.youtube.com\/watch?v=QvOlsbmiadw&amp;t=2s\" data-type=\"URL\" data-id=\"https:\/\/www.youtube.com\/watch?v=QvOlsbmiadw&amp;t=2s\" target=\"_blank\" rel=\"noopener\">Ivan Nikitovi\u0107<\/a>\u00a0<\/em><span style=\"font-size: 1rem; font-style: inherit; color: var(--ast-global-color-3); background-color: var(--ast-global-color-5);\">\u00a0Osniva\u010d i vlasnik Curandero.love, ro\u0111en je 1984. godine u Serbia, u porodici sa vi\u0161egeneracijskom tradicijom travara i lekara. Od svoje 17. godine ozbiljno je posve\u0107en prou\u010davanju lekovitog bilja, po\u010dev\u0161i od biljaka u Srbiji, a zatim pro\u0161iruju\u0107i svoj fokus na Evropu.<\/span><\/p>\n<p>Od 2015. godine, Ivan direktno sara\u0111uje sa autohtonim narodima South America, prete\u017eno u Amazon rainforest. Tokom tog perioda usavr\u0161avao je svoje znanje uz razli\u010dite u\u010ditelje biljaka, uklju\u010duju\u0107i duvan, ayahuascu, huachumu (San Pedro) i druge.<\/p>\n<p><\/p>\n<figure><img decoding=\"async\" data-src=\"https:\/\/resolute-leopard-f48e03.instawp.site\/wp-content\/uploads\/2021\/10\/515C63D2-D361-40DC-9F77-B989ABB377C6-1024x346.jpeg\" alt=\"\" src=\"data:image\/svg+xml;base64,PHN2ZyB3aWR0aD0iMSIgaGVpZ2h0PSIxIiB4bWxucz0iaHR0cDovL3d3dy53My5vcmcvMjAwMC9zdmciPjwvc3ZnPg==\" class=\"lazyload\" style=\"--smush-placeholder-width: 1024px; --smush-placeholder-aspect-ratio: 1024\/346;\" \/><\/figure>\n<p><\/p>\n<p style=\"font-size: 16px; font-style: normal;\">Godine 2017, Ivan zapo\u010dinje prou\u010davanje \u201eDijete Majstora Biljaka\u201c, prakse travara i \u201e\u0161amana\u201c u South America. Saradjuju\u0107i sa autohtonim kulturama kao \u0161to su Shipibo i Quechua, Ivan prolazi kroz razli\u010dite dijete sa biljkama kao \u0161to su Datura, Bobinsana Rap\u00e9, Bachuha, Chuchuashi i druge. Ove dijete uklju\u010duju razli\u010dita ograni\u010denja u ishrani i vodi, kao i apstinenciju. Misli i namere osobe koja sprovodi dijetu postaju klju\u010dni, a patnja je deo procesa, povezana sa izdr\u017eavanjem ograni\u010denja i fokusom na zadr\u017eavanje informacija.<\/p>\n<p style=\"font-size: 16px; font-style: normal;\"><img decoding=\"async\" style=\"--smush-placeholder-width: 1200px; --smush-placeholder-aspect-ratio: 1200\/900;font-style: inherit; color: var(--ast-global-color-3);\" data-src=\"https:\/\/resolute-leopard-f48e03.instawp.site\/wp-content\/uploads\/2021\/09\/bg.jpg\" alt=\"\" src=\"data:image\/svg+xml;base64,PHN2ZyB3aWR0aD0iMSIgaGVpZ2h0PSIxIiB4bWxucz0iaHR0cDovL3d3dy53My5vcmcvMjAwMC9zdmciPjwvc3ZnPg==\" class=\"lazyload\" \/><\/p>\n<p><\/p>\n<p style=\"font-size: 16px; font-style: normal;\">\u00a0 \u00a0 \u00a0 \u00a0 \u00a0 \u00a0 \u00a0 \u00a0 \u00a0 \u00a0 \u00a0 \u00a0 \u00a0 \u00a0 \u00a0 \u00a0 \u00a0 \u00a0 \u00a0 \u00a0 \u00a0 \u00a0 \u00a0 \u00a0 \u00a0\u00a0<a style=\"font-size: 1rem;\" href=\"https:\/\/www.kataricenter.com\" target=\"_blank\" rel=\"noopener\">Center of tradicional indigenous culture and medicine Katari \u00a0<\/a><\/p>\n<p style=\"font-size: 16px; font-style: normal;\">Godine 2019, Ivan postaje deo Yawanawa zajednice, iniciran od strane Maestre Waxy Yawanawa. Nakon toga postaje Maestro Rap\u00e9 medicine, sti\u010du\u0107i pravo da deli ovo drevno znanje sa drugima i u\u010di kako se povezati sa ovom medicinom. Inicijacija u Yawanawa kulturu uklju\u010duje mese\u010dnu dijetu bez vode, ograni\u010denu ishranu i vreme provedeno isklju\u010divo u dubokoj pra\u0161umi.<\/p>\n<p><\/p>\n<figure><img decoding=\"async\" data-src=\"https:\/\/resolute-leopard-f48e03.instawp.site\/wp-content\/uploads\/2022\/01\/486BC8E0-DE43-437C-9FEB-60326D2E9F67-edited-1024x769.jpeg\" alt=\"\" src=\"data:image\/svg+xml;base64,PHN2ZyB3aWR0aD0iMSIgaGVpZ2h0PSIxIiB4bWxucz0iaHR0cDovL3d3dy53My5vcmcvMjAwMC9zdmciPjwvc3ZnPg==\" class=\"lazyload\" style=\"--smush-placeholder-width: 1024px; --smush-placeholder-aspect-ratio: 1024\/769;\" \/><\/figure>\n<p><\/p>\n<p><i>\u00a0 \u00a0 \u00a0 \u00a0 \u00a0 \u00a0 \u00a0 \u00a0 \u00a0 \u00a0 \u00a0 \u00a0 \u00a0 \u00a0 \u00a0 \u00a0 \u00a0 \u00a0 \u00a0 \u00a0 \u00a0 \u00a0 \u00a0 \u00a0 \u00a0 \u00a0 \u00a0 \u00a0 \u00a0 \u00a0 \u00a0 \u00a0 \u00a0 \u00a0GRRAFIT NA ULICI PERU TARAPOTO<\/i><\/p>\n<p><\/p>\n<p>Ivan Nikitovi\u0107 donosi ovo drevno znanje u Europe, dele\u0107i svoja li\u010dna iskustva ste\u010dena kroz proces ti\u0161ine u d\u017eungli. Njegova biografija predstavlja putovanje kroz svet lekovitog bilja, autohtonih kultura i duhovnosti, kulminiraju\u0107i u ulozi Maestra Rap\u00e9 medicine i \u010duvara ovog blaga od zaborava.<\/p>\n<p><\/p>\t\t\t\t\t\t\t\t<\/div>\n\t\t\t\t<\/div>\n\t\t\t\t\t<\/div>\n\t\t<\/div>\n\t\t\t\t\t<\/div>\n\t\t<\/section>\n\t\t\t\t<\/div>","protected":false},"excerpt":{"rendered":"<p>\u00a0 Founder and owner of \u00a0Curandero.love\u00a0Ivan Nikitovi\u0107\u00a0\u00a0was born in 1984 in Serbia, into a family with a generational tradition of herbalists and doctors. Since the age of 17, he has [&hellip;]<\/p>\n","protected":false},"author":1,"featured_media":0,"parent":0,"menu_order":0,"comment_status":"closed","ping_status":"closed","template":"","meta":{"site-sidebar-layout":"default","site-content-layout":"","ast-site-content-layout":"default","site-content-style":"default","site-sidebar-style":"default","ast-global-header-display":"","ast-banner-title-visibility":"","ast-main-header-display":"","ast-hfb-above-header-display":"","ast-hfb-below-header-display":"","ast-hfb-mobile-header-display":"","site-post-title":"","ast-breadcrumbs-content":"","ast-featured-img":"","footer-sml-layout":"","ast-disable-related-posts":"","theme-transparent-header-meta":"","adv-header-id-meta":"","stick-header-meta":"","header-above-stick-meta":"","header-main-stick-meta":"","header-below-stick-meta":"","astra-migrate-meta-layouts":"default","ast-page-background-enabled":"default","ast-page-background-meta":{"desktop":{"background-color":"","background-image":"","background-repeat":"repeat","background-position":"center center","background-size":"auto","background-attachment":"scroll","background-type":"","background-media":"","overlay-type":"","overlay-color":"","overlay-opacity":"","overlay-gradient":""},"tablet":{"background-color":"","background-image":"","background-repeat":"repeat","background-position":"center center","background-size":"auto","background-attachment":"scroll","background-type":"","background-media":"","overlay-type":"","overlay-color":"","overlay-opacity":"","overlay-gradient":""},"mobile":{"background-color":"","background-image":"","background-repeat":"repeat","background-position":"center center","background-size":"auto","background-attachment":"scroll","background-type":"","background-media":"","overlay-type":"","overlay-color":"","overlay-opacity":"","overlay-gradient":""}},"ast-content-background-meta":{"desktop":{"background-color":"var(--ast-global-color-5)","background-image":"","background-repeat":"repeat","background-position":"center center","background-size":"auto","background-attachment":"scroll","background-type":"","background-media":"","overlay-type":"","overlay-color":"","overlay-opacity":"","overlay-gradient":""},"tablet":{"background-color":"var(--ast-global-color-5)","background-image":"","background-repeat":"repeat","background-position":"center center","background-size":"auto","background-attachment":"scroll","background-type":"","background-media":"","overlay-type":"","overlay-color":"","overlay-opacity":"","overlay-gradient":""},"mobile":{"background-color":"var(--ast-global-color-5)","background-image":"","background-repeat":"repeat","background-position":"center center","background-size":"auto","background-attachment":"scroll","background-type":"","background-media":"","overlay-type":"","overlay-color":"","overlay-opacity":"","overlay-gradient":""}},"footnotes":""},"class_list":["post-80","page","type-page","status-publish","hentry"],"jetpack_sharing_enabled":true,"_links":{"self":[{"href":"https:\/\/resolute-leopard-f48e03.instawp.site\/sr\/wp-json\/wp\/v2\/pages\/80","targetHints":{"allow":["GET"]}}],"collection":[{"href":"https:\/\/resolute-leopard-f48e03.instawp.site\/sr\/wp-json\/wp\/v2\/pages"}],"about":[{"href":"https:\/\/resolute-leopard-f48e03.instawp.site\/sr\/wp-json\/wp\/v2\/types\/page"}],"author":[{"embeddable":true,"href":"https:\/\/resolute-leopard-f48e03.instawp.site\/sr\/wp-json\/wp\/v2\/users\/1"}],"replies":[{"embeddable":true,"href":"https:\/\/resolute-leopard-f48e03.instawp.site\/sr\/wp-json\/wp\/v2\/comments?post=80"}],"version-history":[{"count":16,"href":"https:\/\/resolute-leopard-f48e03.instawp.site\/sr\/wp-json\/wp\/v2\/pages\/80\/revisions"}],"predecessor-version":[{"id":4908,"href":"https:\/\/resolute-leopard-f48e03.instawp.site\/sr\/wp-json\/wp\/v2\/pages\/80\/revisions\/4908"}],"wp:attachment":[{"href":"https:\/\/resolute-leopard-f48e03.instawp.site\/sr\/wp-json\/wp\/v2\/media?parent=80"}],"curies":[{"name":"wp","href":"https:\/\/api.w.org\/{rel}","templated":true}]}}