{"id":2474,"date":"2022-11-09T18:04:25","date_gmt":"2022-11-09T18:04:25","guid":{"rendered":"https:\/\/resolute-leopard-f48e03.instawp.site\/?page_id=2474"},"modified":"2024-01-06T10:31:31","modified_gmt":"2024-01-06T10:31:31","slug":"reiki","status":"publish","type":"page","link":"https:\/\/resolute-leopard-f48e03.instawp.site\/sr\/reiki\/","title":{"rendered":"reiki"},"content":{"rendered":"<div data-elementor-type=\"wp-page\" data-elementor-id=\"2474\" class=\"elementor elementor-2474\">\n\t\t\t\t\t\t<section class=\"elementor-section elementor-top-section elementor-element elementor-element-lhih2n0 elementor-section-boxed elementor-section-height-default elementor-section-height-default\" data-id=\"lhih2n0\" data-element_type=\"section\" data-e-type=\"section\" data-settings=\"{&quot;background_background&quot;:&quot;classic&quot;}\">\n\t\t\t\t\t\t\t<div class=\"elementor-background-overlay\"><\/div>\n\t\t\t\t\t\t\t<div class=\"elementor-container elementor-column-gap-default\">\n\t\t\t\t\t<div class=\"elementor-column elementor-col-100 elementor-top-column elementor-element elementor-element-fd69444\" data-id=\"fd69444\" data-element_type=\"column\" data-e-type=\"column\">\n\t\t\t<div class=\"elementor-widget-wrap elementor-element-populated\">\n\t\t\t\t\t\t<div class=\"elementor-element elementor-element-abcc2f2 elementor-widget elementor-widget-heading\" data-id=\"abcc2f2\" data-element_type=\"widget\" data-e-type=\"widget\" data-widget_type=\"heading.default\">\n\t\t\t\t<div class=\"elementor-widget-container\">\n\t\t\t\t\t<h1 class=\"elementor-heading-title elementor-size-default\">reiki<\/h1>\t\t\t\t<\/div>\n\t\t\t\t<\/div>\n\t\t\t\t\t<\/div>\n\t\t<\/div>\n\t\t\t\t\t<\/div>\n\t\t<\/section>\n\t\t\t\t<section class=\"elementor-section elementor-top-section elementor-element elementor-element-nygx0ym elementor-section-boxed elementor-section-height-default elementor-section-height-default\" data-id=\"nygx0ym\" data-element_type=\"section\" data-e-type=\"section\">\n\t\t\t\t\t\t<div class=\"elementor-container elementor-column-gap-default\">\n\t\t\t\t\t<div class=\"elementor-column elementor-col-50 elementor-top-column elementor-element elementor-element-2ebbf9c\" data-id=\"2ebbf9c\" data-element_type=\"column\" data-e-type=\"column\">\n\t\t\t<div class=\"elementor-widget-wrap elementor-element-populated\">\n\t\t\t\t\t\t<div class=\"elementor-element elementor-element-fe195c7 elementor-widget elementor-widget-heading\" data-id=\"fe195c7\" data-element_type=\"widget\" data-e-type=\"widget\" data-widget_type=\"heading.default\">\n\t\t\t\t<div class=\"elementor-widget-container\">\n\t\t\t\t\t<h2 class=\"elementor-heading-title elementor-size-default\">Reiki dar Bogova<\/h2>\t\t\t\t<\/div>\n\t\t\t\t<\/div>\n\t\t\t\t<div class=\"elementor-element elementor-element-dc051dd elementor-widget-divider--view-line elementor-widget elementor-widget-divider\" data-id=\"dc051dd\" data-element_type=\"widget\" data-e-type=\"widget\" data-widget_type=\"divider.default\">\n\t\t\t\t<div class=\"elementor-widget-container\">\n\t\t\t\t\t\t\t<div class=\"elementor-divider\">\n\t\t\t<span class=\"elementor-divider-separator\">\n\t\t\t\t\t\t<\/span>\n\t\t<\/div>\n\t\t\t\t\t\t<\/div>\n\t\t\t\t<\/div>\n\t\t\t\t<div class=\"elementor-element elementor-element-e5f497e elementor-widget elementor-widget-text-editor\" data-id=\"e5f497e\" data-element_type=\"widget\" data-e-type=\"widget\" data-widget_type=\"text-editor.default\">\n\t\t\t\t<div class=\"elementor-widget-container\">\n\t\t\t\t\t\t\t\t\t<p>Sam naziv \u2013 Reiki \u2013 poti\u010de od japanske izgovorne verzije dva japanska znaka.\u00a0<\/p><p>Rei \u2013 Univerzalno, Bo\u017eansko, Sveobuhvatno, Vitalno<\/p><p>Ki \u2013 Energija<\/p>\t\t\t\t\t\t\t\t<\/div>\n\t\t\t\t<\/div>\n\t\t\t\t<div class=\"elementor-element elementor-element-5dcd18a elementor-widget elementor-widget-text-editor\" data-id=\"5dcd18a\" data-element_type=\"widget\" data-e-type=\"widget\" data-widget_type=\"text-editor.default\">\n\t\t\t\t<div class=\"elementor-widget-container\">\n\t\t\t\t\t\t\t\t\t<div><div><p><em><strong>\u201eGlavni cilj Reikija nije samo le\u010denje bolesti, ve\u0107 i razvoj postoje\u0107ih prirodnih talenata, ravnote\u017ea duha, zdravlje tela i, kao posledica \u2013 sre\u0107a.\u201c \u2013 Mikao Usui<\/strong><\/em><\/p><\/div><\/div><div><div>\u00a0<\/div><\/div>\t\t\t\t\t\t\t\t<\/div>\n\t\t\t\t<\/div>\n\t\t\t\t\t<\/div>\n\t\t<\/div>\n\t\t\t\t<div class=\"elementor-column elementor-col-50 elementor-top-column elementor-element elementor-element-e5fdae0\" data-id=\"e5fdae0\" data-element_type=\"column\" data-e-type=\"column\">\n\t\t\t<div class=\"elementor-widget-wrap elementor-element-populated\">\n\t\t\t\t\t\t<div class=\"elementor-element elementor-element-96b5b53 elementor-widget elementor-widget-image\" data-id=\"96b5b53\" data-element_type=\"widget\" data-e-type=\"widget\" data-widget_type=\"image.default\">\n\t\t\t\t<div class=\"elementor-widget-container\">\n\t\t\t\t\t\t\t\t\t\t\t\t\t\t\t<img fetchpriority=\"high\" decoding=\"async\" width=\"2560\" height=\"1707\" src=\"https:\/\/resolute-leopard-f48e03.instawp.site\/wp-content\/uploads\/2022\/11\/ruke--scaled.jpg\" class=\"attachment-full size-full wp-image-1828\" alt=\"\" srcset=\"https:\/\/resolute-leopard-f48e03.instawp.site\/wp-content\/uploads\/2022\/11\/ruke--scaled.jpg 2560w, https:\/\/resolute-leopard-f48e03.instawp.site\/wp-content\/uploads\/2022\/11\/ruke--300x200.jpg 300w, https:\/\/resolute-leopard-f48e03.instawp.site\/wp-content\/uploads\/2022\/11\/ruke--1024x683.jpg 1024w, https:\/\/resolute-leopard-f48e03.instawp.site\/wp-content\/uploads\/2022\/11\/ruke--768x512.jpg 768w, https:\/\/resolute-leopard-f48e03.instawp.site\/wp-content\/uploads\/2022\/11\/ruke--1536x1024.jpg 1536w\" sizes=\"(max-width: 2560px) 100vw, 2560px\" \/>\t\t\t\t\t\t\t\t\t\t\t\t\t\t\t<\/div>\n\t\t\t\t<\/div>\n\t\t\t\t\t<\/div>\n\t\t<\/div>\n\t\t\t\t\t<\/div>\n\t\t<\/section>\n\t\t\t\t<section class=\"elementor-section elementor-top-section elementor-element elementor-element-1akv3e3 elementor-section-boxed elementor-section-height-default elementor-section-height-default\" data-id=\"1akv3e3\" data-element_type=\"section\" data-e-type=\"section\">\n\t\t\t\t\t\t<div class=\"elementor-container elementor-column-gap-default\">\n\t\t\t\t\t<div class=\"elementor-column elementor-col-50 elementor-top-column elementor-element elementor-element-2126f92\" data-id=\"2126f92\" data-element_type=\"column\" data-e-type=\"column\">\n\t\t\t<div class=\"elementor-widget-wrap elementor-element-populated\">\n\t\t\t\t\t\t<div class=\"elementor-element elementor-element-7818b1a elementor-widget-divider--view-line elementor-widget elementor-widget-divider\" data-id=\"7818b1a\" data-element_type=\"widget\" data-e-type=\"widget\" data-widget_type=\"divider.default\">\n\t\t\t\t<div class=\"elementor-widget-container\">\n\t\t\t\t\t\t\t<div class=\"elementor-divider\">\n\t\t\t<span class=\"elementor-divider-separator\">\n\t\t\t\t\t\t<\/span>\n\t\t<\/div>\n\t\t\t\t\t\t<\/div>\n\t\t\t\t<\/div>\n\t\t\t\t<div class=\"elementor-element elementor-element-9e54541 elementor-widget elementor-widget-text-editor\" data-id=\"9e54541\" data-element_type=\"widget\" data-e-type=\"widget\" data-widget_type=\"text-editor.default\">\n\t\t\t\t<div class=\"elementor-widget-container\">\n\t\t\t\t\t\t\t\t\t<p>U jednoj od pri\u010da o nastanku Reikija, osniva\u010d Reikija, Mikao Usui, otkrio je Reiki na planini Kurama u Japanu, nakon \u0161to je meditirao tri nedelje. Bo\u017eanskom intervencijom je postao uskla\u0111en sa Reikijem.<\/p><p>Na putu niz planinu sapleo se i jako udario no\u017eni prst, koji je po\u010deo da krvari. Instinktivno je primio prst u ruku i primetio prijatnu toplinu koja se \u0161irila stopalom, otapaju\u0107i bol.<\/p><p>Da li se ovo zaista dogodilo ili ne, su\u0161tina Reikija je ovde prikazana: jednostavno stavite ruke na mesto koje vas zabrinjava i zapo\u010dnite Reiki. I to je sve! Zar ne zvu\u010di zaista jednostavno? Prema mi\u0161ljenju mnogih, Reiki je ba\u0161 tako jednostavan.<\/p><p>Nije mogu\u0107e navesti sve koristi Reikija, jer su toliko brojne i neograni\u010dene. Svaka pozitivna promena koja se mo\u017ee desiti kod nas i kojoj te\u017eimo mo\u017ee proiza\u0107i iz primene Reikija ili biti njime podstaknuta. Promene tokom prakse Reikija de\u0161avaju se na svim nivoima na\u0161eg bi\u0107a. Reiki uvek ide do uzroka problema i le\u010di ga \u010dak i kada nismo svesni njegovog postojanja.<\/p>\t\t\t\t\t\t\t\t<\/div>\n\t\t\t\t<\/div>\n\t\t\t\t\t<\/div>\n\t\t<\/div>\n\t\t\t\t<div class=\"elementor-column elementor-col-50 elementor-top-column elementor-element elementor-element-e03a328\" data-id=\"e03a328\" data-element_type=\"column\" data-e-type=\"column\">\n\t\t\t<div class=\"elementor-widget-wrap elementor-element-populated\">\n\t\t\t\t\t\t<div class=\"elementor-element elementor-element-23d597c elementor-widget-divider--view-line elementor-widget elementor-widget-divider\" data-id=\"23d597c\" data-element_type=\"widget\" data-e-type=\"widget\" data-widget_type=\"divider.default\">\n\t\t\t\t<div class=\"elementor-widget-container\">\n\t\t\t\t\t\t\t<div class=\"elementor-divider\">\n\t\t\t<span class=\"elementor-divider-separator\">\n\t\t\t\t\t\t<\/span>\n\t\t<\/div>\n\t\t\t\t\t\t<\/div>\n\t\t\t\t<\/div>\n\t\t\t\t<div class=\"elementor-element elementor-element-6d1a71e elementor-widget elementor-widget-text-editor\" data-id=\"6d1a71e\" data-element_type=\"widget\" data-e-type=\"widget\" data-widget_type=\"text-editor.default\">\n\t\t\t\t<div class=\"elementor-widget-container\">\n\t\t\t\t\t\t\t\t\t<p><strong>Sada \u0107emo navesti neke od koristi:<\/strong><\/p><p><strong>\u2013 podsti\u010de i ubrzava prirodne regenerativne procese organizma<\/strong><br \/><strong>-sni\u017eava stres<\/strong><br \/><strong>- poja\u010dava intuiciju<\/strong><br \/><strong>\u2013 poma\u017ee eliminaciju toksina i drugih \u0161tetnih supstanci iz organizma\n\u2013 mo\u017ee doprineti br\u017eem delovanju lekova, terapija i drugih tretmana<\/strong><br \/><strong>\u2013 doprinosi vitalnosti i op\u0161tem ose\u0107aju podmla\u0111ivanja<\/strong><br \/><strong>\u2013 smanjuje bol<\/strong><br \/><strong>\u2013 unapre\u0111uje mo\u017edane funkcije<\/strong><br \/><strong>\u2013 izo\u0161trava \u010dula<\/strong><br \/><strong>\u2013 pobolj\u0161ava san<\/strong><br \/><strong>\u2013 podi\u017ee nivo svesti<\/strong><br \/><strong>\u2013 poja\u010dava intuiciju<\/strong><br \/><strong>\u2013 harmonizuje emocije i odnose sa drugim ljudima i okru\u017eenjem<\/strong><br \/><strong>\u2013 poma\u017ee u br\u017eem osloba\u0111anju od lo\u0161ih i \u0161tetnih navika<\/strong><br \/><strong>\u2013 razvija pozitivne emocije: ljubav, saose\u0107anje, empatiju, razumevanje\u2026\n\u2013 koristi se i sa namerom energetskog pro\u010di\u0161\u0107avanja hrane koju unosimo u organizam<\/strong><br \/><strong>\u2013 poma\u017ee nam da otkrijemo svoje talente i ostvarimo puni potencijal<\/strong><br \/><strong>\u2013 podsti\u010de stvaranje novih i ja\u010danje postoje\u0107ih zdravih navika<\/strong><\/p><p>I<span style=\"text-decoration: underline;\"><strong>van je majstor u\u010ditelj\u00a0<\/strong><\/span><\/p><p><span style=\"text-decoration: underline;\"><strong>Kundalini Reiki Millennium\u00a0<\/strong><\/span><\/p><p><span style=\"text-decoration: underline;\"><strong>Original Reiki\u00a0<\/strong><\/span><\/p><p><span style=\"text-decoration: underline;\"><strong>Zlatni Reiki TM millennium\u00a0<\/strong><\/span><\/p><p><span style=\"text-decoration: underline;\"><strong>i tako\u0111e 2 nivo<\/strong><\/span><\/p><p><span style=\"text-decoration: underline;\"><strong>Ushui Shiki Ryoho Reiki sistem<\/strong> <\/span>\u00a0<\/p><p><strong>Blagosloveni bili<\/strong><\/p><p><strong>Ivan Nikitovi\u0107<\/strong><\/p>\t\t\t\t\t\t\t\t<\/div>\n\t\t\t\t<\/div>\n\t\t\t\t\t<\/div>\n\t\t<\/div>\n\t\t\t\t\t<\/div>\n\t\t<\/section>\n\t\t\t\t<section class=\"elementor-section elementor-top-section elementor-element elementor-element-e2869d2 elementor-section-boxed elementor-section-height-default elementor-section-height-default\" data-id=\"e2869d2\" data-element_type=\"section\" data-e-type=\"section\">\n\t\t\t\t\t\t<div class=\"elementor-container elementor-column-gap-default\">\n\t\t\t\t\t<div class=\"elementor-column elementor-col-100 elementor-top-column elementor-element elementor-element-48436b1\" data-id=\"48436b1\" data-element_type=\"column\" data-e-type=\"column\">\n\t\t\t<div class=\"elementor-widget-wrap elementor-element-populated\">\n\t\t\t\t\t\t<div class=\"elementor-element elementor-element-d3d25b3 elementor-shape-rounded elementor-grid-0 e-grid-align-center elementor-widget elementor-widget-social-icons\" data-id=\"d3d25b3\" data-element_type=\"widget\" data-e-type=\"widget\" data-widget_type=\"social-icons.default\">\n\t\t\t\t<div class=\"elementor-widget-container\">\n\t\t\t\t\t\t\t<div class=\"elementor-social-icons-wrapper elementor-grid\" role=\"list\">\n\t\t\t\t\t\t\t<span class=\"elementor-grid-item\" role=\"listitem\">\n\t\t\t\t\t<a class=\"elementor-icon elementor-social-icon elementor-social-icon-facebook elementor-repeater-item-db5b587\" href=\"https:\/\/www.facebook.com\/curandero.shop\/\" target=\"_blank\" rel=\"noopener\">\n\t\t\t\t\t\t<span class=\"elementor-screen-only\">Facebook<\/span>\n\t\t\t\t\t\t<i aria-hidden=\"true\" class=\"fab fa-facebook\"><\/i>\t\t\t\t\t<\/a>\n\t\t\t\t<\/span>\n\t\t\t\t\t\t\t<span class=\"elementor-grid-item\" role=\"listitem\">\n\t\t\t\t\t<a class=\"elementor-icon elementor-social-icon elementor-social-icon-instagram elementor-repeater-item-d885244\" href=\"https:\/\/www.instagram.com\/curandero_shop\/\" target=\"_blank\" rel=\"noopener\">\n\t\t\t\t\t\t<span class=\"elementor-screen-only\">Instagram<\/span>\n\t\t\t\t\t\t<i aria-hidden=\"true\" class=\"fab fa-instagram\"><\/i>\t\t\t\t\t<\/a>\n\t\t\t\t<\/span>\n\t\t\t\t\t\t\t<span class=\"elementor-grid-item\" role=\"listitem\">\n\t\t\t\t\t<a class=\"elementor-icon elementor-social-icon elementor-social-icon-soundcloud elementor-repeater-item-315379b\" href=\"https:\/\/soundcloud.com\/ivanvashnikitovic\" target=\"_blank\" rel=\"noopener\">\n\t\t\t\t\t\t<span class=\"elementor-screen-only\">Soundcloud<\/span>\n\t\t\t\t\t\t<i aria-hidden=\"true\" class=\"fab fa-soundcloud\"><\/i>\t\t\t\t\t<\/a>\n\t\t\t\t<\/span>\n\t\t\t\t\t\t\t<span class=\"elementor-grid-item\" role=\"listitem\">\n\t\t\t\t\t<a class=\"elementor-icon elementor-social-icon elementor-social-icon-link elementor-repeater-item-d489158\" href=\"https:\/\/www.bbc.com\/serbian\/lat\/srbija-59867694\" target=\"_blank\" rel=\"noopener\">\n\t\t\t\t\t\t<span class=\"elementor-screen-only\">Link<\/span>\n\t\t\t\t\t\t<i aria-hidden=\"true\" class=\"fas fa-link\"><\/i>\t\t\t\t\t<\/a>\n\t\t\t\t<\/span>\n\t\t\t\t\t<\/div>\n\t\t\t\t\t\t<\/div>\n\t\t\t\t<\/div>\n\t\t\t\t<div class=\"elementor-element elementor-element-4740ea1 elementor-widget elementor-widget-heading\" data-id=\"4740ea1\" data-element_type=\"widget\" data-e-type=\"widget\" data-widget_type=\"heading.default\">\n\t\t\t\t<div class=\"elementor-widget-container\">\n\t\t\t\t\t<h4 class=\"elementor-heading-title elementor-size-default\">\u00a9 2022 All Rights Reserved. Curandero<\/h4>\t\t\t\t<\/div>\n\t\t\t\t<\/div>\n\t\t\t\t\t<\/div>\n\t\t<\/div>\n\t\t\t\t\t<\/div>\n\t\t<\/section>\n\t\t\t\t<\/div>","protected":false},"excerpt":{"rendered":"<p>reiki Reiki is a gift from God. The name itself \u2013 Reiki \u2013 originates from the Japanese pronunciation of two Japanese characters:\u00a0 Rei \u2013 Universal, Divine, All-encompassing, Vital Ki \u2013 [&hellip;]<\/p>\n","protected":false},"author":2,"featured_media":0,"parent":0,"menu_order":0,"comment_status":"closed","ping_status":"closed","template":"","meta":{"site-sidebar-layout":"no-sidebar","site-content-layout":"page-builder","ast-site-content-layout":"default","site-content-style":"default","site-sidebar-style":"default","ast-global-header-display":"","ast-banner-title-visibility":"","ast-main-header-display":"","ast-hfb-above-header-display":"","ast-hfb-below-header-display":"","ast-hfb-mobile-header-display":"","site-post-title":"disabled","ast-breadcrumbs-content":"","ast-featured-img":"disabled","footer-sml-layout":"","ast-disable-related-posts":"","theme-transparent-header-meta":"","adv-header-id-meta":"","stick-header-meta":"","header-above-stick-meta":"","header-main-stick-meta":"","header-below-stick-meta":"","astra-migrate-meta-layouts":"default","ast-page-background-enabled":"default","ast-page-background-meta":{"desktop":{"background-color":"","background-image":"","background-repeat":"repeat","background-position":"center center","background-size":"auto","background-attachment":"scroll","background-type":"","background-media":"","overlay-type":"","overlay-color":"","overlay-opacity":"","overlay-gradient":""},"tablet":{"background-color":"","background-image":"","background-repeat":"repeat","background-position":"center center","background-size":"auto","background-attachment":"scroll","background-type":"","background-media":"","overlay-type":"","overlay-color":"","overlay-opacity":"","overlay-gradient":""},"mobile":{"background-color":"","background-image":"","background-repeat":"repeat","background-position":"center center","background-size":"auto","background-attachment":"scroll","background-type":"","background-media":"","overlay-type":"","overlay-color":"","overlay-opacity":"","overlay-gradient":""}},"ast-content-background-meta":{"desktop":{"background-color":"var(--ast-global-color-5)","background-image":"","background-repeat":"repeat","background-position":"center center","background-size":"auto","background-attachment":"scroll","background-type":"","background-media":"","overlay-type":"","overlay-color":"","overlay-opacity":"","overlay-gradient":""},"tablet":{"background-color":"var(--ast-global-color-5)","background-image":"","background-repeat":"repeat","background-position":"center center","background-size":"auto","background-attachment":"scroll","background-type":"","background-media":"","overlay-type":"","overlay-color":"","overlay-opacity":"","overlay-gradient":""},"mobile":{"background-color":"var(--ast-global-color-5)","background-image":"","background-repeat":"repeat","background-position":"center center","background-size":"auto","background-attachment":"scroll","background-type":"","background-media":"","overlay-type":"","overlay-color":"","overlay-opacity":"","overlay-gradient":""}},"footnotes":""},"class_list":["post-2474","page","type-page","status-publish","hentry"],"jetpack_sharing_enabled":true,"_links":{"self":[{"href":"https:\/\/resolute-leopard-f48e03.instawp.site\/sr\/wp-json\/wp\/v2\/pages\/2474","targetHints":{"allow":["GET"]}}],"collection":[{"href":"https:\/\/resolute-leopard-f48e03.instawp.site\/sr\/wp-json\/wp\/v2\/pages"}],"about":[{"href":"https:\/\/resolute-leopard-f48e03.instawp.site\/sr\/wp-json\/wp\/v2\/types\/page"}],"author":[{"embeddable":true,"href":"https:\/\/resolute-leopard-f48e03.instawp.site\/sr\/wp-json\/wp\/v2\/users\/2"}],"replies":[{"embeddable":true,"href":"https:\/\/resolute-leopard-f48e03.instawp.site\/sr\/wp-json\/wp\/v2\/comments?post=2474"}],"version-history":[{"count":3,"href":"https:\/\/resolute-leopard-f48e03.instawp.site\/sr\/wp-json\/wp\/v2\/pages\/2474\/revisions"}],"predecessor-version":[{"id":4160,"href":"https:\/\/resolute-leopard-f48e03.instawp.site\/sr\/wp-json\/wp\/v2\/pages\/2474\/revisions\/4160"}],"wp:attachment":[{"href":"https:\/\/resolute-leopard-f48e03.instawp.site\/sr\/wp-json\/wp\/v2\/media?parent=2474"}],"curies":[{"name":"wp","href":"https:\/\/api.w.org\/{rel}","templated":true}]}}