{"id":2434,"date":"2022-11-09T16:58:01","date_gmt":"2022-11-09T16:58:01","guid":{"rendered":"https:\/\/resolute-leopard-f48e03.instawp.site\/?page_id=2434"},"modified":"2026-04-20T13:35:12","modified_gmt":"2026-04-20T11:35:12","slug":"treatments","status":"publish","type":"page","link":"https:\/\/resolute-leopard-f48e03.instawp.site\/sr\/treatments\/","title":{"rendered":"Treatments"},"content":{"rendered":"<div data-elementor-type=\"wp-page\" data-elementor-id=\"2434\" class=\"elementor elementor-2434\">\n\t\t\t\t\t\t<section class=\"elementor-section elementor-top-section elementor-element elementor-element-c5802ff elementor-section-boxed elementor-section-height-default elementor-section-height-default\" data-id=\"c5802ff\" data-element_type=\"section\" data-e-type=\"section\">\n\t\t\t\t\t\t<div class=\"elementor-container elementor-column-gap-default\">\n\t\t\t\t\t<div class=\"elementor-column elementor-col-100 elementor-top-column elementor-element elementor-element-bff88c1\" data-id=\"bff88c1\" data-element_type=\"column\" data-e-type=\"column\">\n\t\t\t<div class=\"elementor-widget-wrap elementor-element-populated\">\n\t\t\t\t\t\t<div class=\"elementor-element elementor-element-deef520 elementor-widget elementor-widget-spacer\" data-id=\"deef520\" data-element_type=\"widget\" data-e-type=\"widget\" data-widget_type=\"spacer.default\">\n\t\t\t\t<div class=\"elementor-widget-container\">\n\t\t\t\t\t\t\t<div class=\"elementor-spacer\">\n\t\t\t<div class=\"elementor-spacer-inner\"><\/div>\n\t\t<\/div>\n\t\t\t\t\t\t<\/div>\n\t\t\t\t<\/div>\n\t\t\t\t<div class=\"elementor-element elementor-element-b8d53e1 elementor-widget-divider--view-line_text elementor-widget__width-initial elementor-widget-divider--element-align-center elementor-widget elementor-widget-divider\" data-id=\"b8d53e1\" data-element_type=\"widget\" data-e-type=\"widget\" data-widget_type=\"divider.default\">\n\t\t\t\t<div class=\"elementor-widget-container\">\n\t\t\t\t\t\t\t<div class=\"elementor-divider\">\n\t\t\t<span class=\"elementor-divider-separator\">\n\t\t\t\t\t\t\t<span class=\"elementor-divider__text elementor-divider__element\">\n\t\t\t\tcurandero\t\t\t\t<\/span>\n\t\t\t\t\t\t<\/span>\n\t\t<\/div>\n\t\t\t\t\t\t<\/div>\n\t\t\t\t<\/div>\n\t\t\t\t\t<\/div>\n\t\t<\/div>\n\t\t\t\t\t<\/div>\n\t\t<\/section>\n\t\t\t\t<section class=\"elementor-section elementor-top-section elementor-element elementor-element-iuo18up elementor-section-boxed elementor-section-height-default elementor-section-height-default\" data-id=\"iuo18up\" data-element_type=\"section\" data-e-type=\"section\" data-settings=\"{&quot;background_background&quot;:&quot;classic&quot;}\">\n\t\t\t\t\t\t\t<div class=\"elementor-background-overlay\"><\/div>\n\t\t\t\t\t\t\t<div class=\"elementor-container elementor-column-gap-default\">\n\t\t\t\t\t<div class=\"elementor-column elementor-col-100 elementor-top-column elementor-element elementor-element-645eb97\" data-id=\"645eb97\" data-element_type=\"column\" data-e-type=\"column\">\n\t\t\t<div class=\"elementor-widget-wrap\">\n\t\t\t\t\t\t\t<\/div>\n\t\t<\/div>\n\t\t\t\t\t<\/div>\n\t\t<\/section>\n\t\t\t\t<section class=\"elementor-section elementor-top-section elementor-element elementor-element-gznwkwc elementor-section-boxed elementor-section-height-default elementor-section-height-default\" data-id=\"gznwkwc\" data-element_type=\"section\" data-e-type=\"section\">\n\t\t\t\t\t\t<div class=\"elementor-container elementor-column-gap-default\">\n\t\t\t\t\t<div class=\"elementor-column elementor-col-100 elementor-top-column elementor-element elementor-element-1ca627b\" data-id=\"1ca627b\" data-element_type=\"column\" data-e-type=\"column\">\n\t\t\t<div class=\"elementor-widget-wrap elementor-element-populated\">\n\t\t\t\t\t\t<div class=\"elementor-element elementor-element-42fd904 elementor-widget elementor-widget-heading\" data-id=\"42fd904\" data-element_type=\"widget\" data-e-type=\"widget\" data-widget_type=\"heading.default\">\n\t\t\t\t<div class=\"elementor-widget-container\">\n\t\t\t\t\t<h2 class=\"elementor-heading-title elementor-size-default\">Tretmani<\/h2>\t\t\t\t<\/div>\n\t\t\t\t<\/div>\n\t\t\t\t<div class=\"elementor-element elementor-element-432499d elementor-widget-divider--view-line elementor-widget elementor-widget-divider\" data-id=\"432499d\" data-element_type=\"widget\" data-e-type=\"widget\" data-widget_type=\"divider.default\">\n\t\t\t\t<div class=\"elementor-widget-container\">\n\t\t\t\t\t\t\t<div class=\"elementor-divider\">\n\t\t\t<span class=\"elementor-divider-separator\">\n\t\t\t\t\t\t<\/span>\n\t\t<\/div>\n\t\t\t\t\t\t<\/div>\n\t\t\t\t<\/div>\n\t\t\t\t<div class=\"elementor-element elementor-element-8dff22f elementor-widget elementor-widget-text-editor\" data-id=\"8dff22f\" data-element_type=\"widget\" data-e-type=\"widget\" data-widget_type=\"text-editor.default\">\n\t\t\t\t<div class=\"elementor-widget-container\">\n\t\t\t\t\t\t\t\t\t<p>Razli\u010dite metode daju razli\u010dite rezultate, zato smo prilagodili razli\u010dite tipove tretmana kako bismo vam pru\u017eili najbolju mogu\u0107u uslugu.<\/p>\t\t\t\t\t\t\t\t<\/div>\n\t\t\t\t<\/div>\n\t\t\t\t\t<\/div>\n\t\t<\/div>\n\t\t\t\t\t<\/div>\n\t\t<\/section>\n\t\t\t\t<section class=\"elementor-section elementor-inner-section elementor-element elementor-element-tizbpya elementor-section-boxed elementor-section-height-default elementor-section-height-default\" data-id=\"tizbpya\" data-element_type=\"section\" data-e-type=\"section\">\n\t\t\t\t\t\t<div class=\"elementor-container elementor-column-gap-default\">\n\t\t\t\t\t<div class=\"elementor-column elementor-col-50 elementor-inner-column elementor-element elementor-element-f20a204\" data-id=\"f20a204\" data-element_type=\"column\" data-e-type=\"column\">\n\t\t\t<div class=\"elementor-widget-wrap elementor-element-populated\">\n\t\t\t\t\t\t<div class=\"elementor-element elementor-element-bfd172b elementor-widget elementor-widget-image\" data-id=\"bfd172b\" data-element_type=\"widget\" data-e-type=\"widget\" data-widget_type=\"image.default\">\n\t\t\t\t<div class=\"elementor-widget-container\">\n\t\t\t\t\t\t\t\t\t\t\t\t\t\t\t\t<a href=\"https:\/\/resolute-leopard-f48e03.instawp.site\/sr\/treatments\/kambo\/\">\n\t\t\t\t\t\t\t<img fetchpriority=\"high\" decoding=\"async\" width=\"1024\" height=\"683\" src=\"https:\/\/resolute-leopard-f48e03.instawp.site\/wp-content\/uploads\/2022\/11\/kambo-4--1024x683.jpg\" class=\"attachment-large size-large wp-image-2662\" alt=\"\" srcset=\"https:\/\/resolute-leopard-f48e03.instawp.site\/wp-content\/uploads\/2022\/11\/kambo-4--1024x683.jpg 1024w, https:\/\/resolute-leopard-f48e03.instawp.site\/wp-content\/uploads\/2022\/11\/kambo-4--300x200.jpg 300w, https:\/\/resolute-leopard-f48e03.instawp.site\/wp-content\/uploads\/2022\/11\/kambo-4--768x512.jpg 768w, https:\/\/resolute-leopard-f48e03.instawp.site\/wp-content\/uploads\/2022\/11\/kambo-4--1536x1024.jpg 1536w, https:\/\/resolute-leopard-f48e03.instawp.site\/wp-content\/uploads\/2022\/11\/kambo-4--2048x1365.jpg 2048w, https:\/\/resolute-leopard-f48e03.instawp.site\/wp-content\/uploads\/2022\/11\/kambo-4--600x400.jpg 600w\" sizes=\"(max-width: 1024px) 100vw, 1024px\" \/>\t\t\t\t\t\t\t\t<\/a>\n\t\t\t\t\t\t\t\t\t\t\t\t\t\t\t<\/div>\n\t\t\t\t<\/div>\n\t\t\t\t<div class=\"elementor-element elementor-element-d0c44fe elementor-widget elementor-widget-image-box\" data-id=\"d0c44fe\" data-element_type=\"widget\" data-e-type=\"widget\" data-widget_type=\"image-box.default\">\n\t\t\t\t<div class=\"elementor-widget-container\">\n\t\t\t\t\t<div class=\"elementor-image-box-wrapper\"><div class=\"elementor-image-box-content\"><h5 class=\"elementor-image-box-title\">Kambo<\/h5><p class=\"elementor-image-box-description\">deluje kao sna\u017ena podr\u0161ka imunom sistemu. Ne uti\u010de samo na fizi\u010dko telo, ve\u0107 i ja\u010da i harmonizuje \u010dakre, obnavlja na\u0161e elektromagnetno polje i zatvara njegove pukotine kako se energija ne bi nepotrebno rasipala.<\/p><\/div><\/div>\t\t\t\t<\/div>\n\t\t\t\t<\/div>\n\t\t\t\t\t<\/div>\n\t\t<\/div>\n\t\t\t\t<div class=\"elementor-column elementor-col-50 elementor-inner-column elementor-element elementor-element-bce40d9\" data-id=\"bce40d9\" data-element_type=\"column\" data-e-type=\"column\">\n\t\t\t<div class=\"elementor-widget-wrap elementor-element-populated\">\n\t\t\t\t\t\t<div class=\"elementor-element elementor-element-cce00ea elementor-widget elementor-widget-image\" data-id=\"cce00ea\" data-element_type=\"widget\" data-e-type=\"widget\" data-widget_type=\"image.default\">\n\t\t\t\t<div class=\"elementor-widget-container\">\n\t\t\t\t\t\t\t\t\t\t\t\t\t\t\t\t<a href=\"https:\/\/resolute-leopard-f48e03.instawp.site\/sr\/sound-healing\/\">\n\t\t\t\t\t\t\t<img decoding=\"async\" width=\"1024\" height=\"683\" data-src=\"https:\/\/resolute-leopard-f48e03.instawp.site\/wp-content\/uploads\/2022\/11\/9E8D07F9-763B-4EB4-9693-82460EE38710-1024x683.jpeg\" class=\"attachment-large size-large wp-image-1549 lazyload\" alt=\"\" data-srcset=\"https:\/\/resolute-leopard-f48e03.instawp.site\/wp-content\/uploads\/2022\/11\/9E8D07F9-763B-4EB4-9693-82460EE38710-1024x683.jpeg 1024w, https:\/\/resolute-leopard-f48e03.instawp.site\/wp-content\/uploads\/2022\/11\/9E8D07F9-763B-4EB4-9693-82460EE38710-300x200.jpeg 300w, https:\/\/resolute-leopard-f48e03.instawp.site\/wp-content\/uploads\/2022\/11\/9E8D07F9-763B-4EB4-9693-82460EE38710-768x512.jpeg 768w, https:\/\/resolute-leopard-f48e03.instawp.site\/wp-content\/uploads\/2022\/11\/9E8D07F9-763B-4EB4-9693-82460EE38710-1536x1024.jpeg 1536w\" data-sizes=\"(max-width: 1024px) 100vw, 1024px\" src=\"data:image\/svg+xml;base64,PHN2ZyB3aWR0aD0iMSIgaGVpZ2h0PSIxIiB4bWxucz0iaHR0cDovL3d3dy53My5vcmcvMjAwMC9zdmciPjwvc3ZnPg==\" style=\"--smush-placeholder-width: 1024px; --smush-placeholder-aspect-ratio: 1024\/683;\" \/>\t\t\t\t\t\t\t\t<\/a>\n\t\t\t\t\t\t\t\t\t\t\t\t\t\t\t<\/div>\n\t\t\t\t<\/div>\n\t\t\t\t<div class=\"elementor-element elementor-element-c17baf9 elementor-widget elementor-widget-image-box\" data-id=\"c17baf9\" data-element_type=\"widget\" data-e-type=\"widget\" data-widget_type=\"image-box.default\">\n\t\t\t\t<div class=\"elementor-widget-container\">\n\t\t\t\t\t<div class=\"elementor-image-box-wrapper\"><div class=\"elementor-image-box-content\"><h5 class=\"elementor-image-box-title\">Zvu\u010dno isceljenje <\/h5><p class=\"elementor-image-box-description\">Zvuk i vibracija mogu \u010duda u\u010diniti u osloba\u0111anju napetosti, ostavljaju\u0107i vas izuzetno opu\u0161tenim, smirenim i osve\u017eenim.\nNeke od naj\u010de\u0161\u0107ih potencijalnih koristi gong kupki, zvu\u010dnih kupki i terapije zvukom uklju\u010duju:\n\n\u2013 Smanjenje stresa\n\u2013 Ubla\u017eavanje anksioznosti\n\u2013 Bolji i smireniji san\n\u2013 Otklanjanje emotivnih blokada\n\u2013 Pobolj\u0161ano raspolo\u017eenje\n\u2013 Pobolj\u0161ana koncentracija\n\u2013 Mentalna jasno\u0107a<\/p><\/div><\/div>\t\t\t\t<\/div>\n\t\t\t\t<\/div>\n\t\t\t\t\t<\/div>\n\t\t<\/div>\n\t\t\t\t\t<\/div>\n\t\t<\/section>\n\t\t\t\t<section class=\"elementor-section elementor-inner-section elementor-element elementor-element-tnmmspz elementor-section-boxed elementor-section-height-default elementor-section-height-default\" data-id=\"tnmmspz\" data-element_type=\"section\" data-e-type=\"section\">\n\t\t\t\t\t\t<div class=\"elementor-container elementor-column-gap-default\">\n\t\t\t\t\t<div class=\"elementor-column elementor-col-50 elementor-inner-column elementor-element elementor-element-f58b4c4\" data-id=\"f58b4c4\" data-element_type=\"column\" data-e-type=\"column\">\n\t\t\t<div class=\"elementor-widget-wrap elementor-element-populated\">\n\t\t\t\t\t\t<div class=\"elementor-element elementor-element-d7fa0e3 elementor-widget elementor-widget-image\" data-id=\"d7fa0e3\" data-element_type=\"widget\" data-e-type=\"widget\" data-widget_type=\"image.default\">\n\t\t\t\t<div class=\"elementor-widget-container\">\n\t\t\t\t\t\t\t\t\t\t\t\t\t\t\t\t<a href=\"https:\/\/resolute-leopard-f48e03.instawp.site\/sr\/roda-de-rapeh-sananga\/\">\n\t\t\t\t\t\t\t<img decoding=\"async\" width=\"1024\" height=\"683\" data-src=\"https:\/\/resolute-leopard-f48e03.instawp.site\/wp-content\/uploads\/2022\/11\/sajt-55558-1-1024x683.jpg\" class=\"attachment-large size-large wp-image-1617 lazyload\" alt=\"\" data-srcset=\"https:\/\/resolute-leopard-f48e03.instawp.site\/wp-content\/uploads\/2022\/11\/sajt-55558-1-1024x683.jpg 1024w, https:\/\/resolute-leopard-f48e03.instawp.site\/wp-content\/uploads\/2022\/11\/sajt-55558-1-300x200.jpg 300w, https:\/\/resolute-leopard-f48e03.instawp.site\/wp-content\/uploads\/2022\/11\/sajt-55558-1-768x512.jpg 768w, https:\/\/resolute-leopard-f48e03.instawp.site\/wp-content\/uploads\/2022\/11\/sajt-55558-1-1536x1024.jpg 1536w\" data-sizes=\"(max-width: 1024px) 100vw, 1024px\" src=\"data:image\/svg+xml;base64,PHN2ZyB3aWR0aD0iMSIgaGVpZ2h0PSIxIiB4bWxucz0iaHR0cDovL3d3dy53My5vcmcvMjAwMC9zdmciPjwvc3ZnPg==\" style=\"--smush-placeholder-width: 1024px; --smush-placeholder-aspect-ratio: 1024\/683;\" \/>\t\t\t\t\t\t\t\t<\/a>\n\t\t\t\t\t\t\t\t\t\t\t\t\t\t\t<\/div>\n\t\t\t\t<\/div>\n\t\t\t\t<div class=\"elementor-element elementor-element-66bbc4f elementor-widget elementor-widget-image-box\" data-id=\"66bbc4f\" data-element_type=\"widget\" data-e-type=\"widget\" data-widget_type=\"image-box.default\">\n\t\t\t\t<div class=\"elementor-widget-container\">\n\t\t\t\t\t<div class=\"elementor-image-box-wrapper\"><div class=\"elementor-image-box-content\"><h5 class=\"elementor-image-box-title\">Rape<\/h5><p class=\"elementor-image-box-description\">Roda de Ra-p\u00e9 \u2013 Ra-p\u00e9 krug je sveti brazilski ritual. Ovaj ritual se zasniva na upotrebi legalne duvanske medicine nazvane Ra-p\u00e9 ili Hape (Rapeh). <\/p><\/div><\/div>\t\t\t\t<\/div>\n\t\t\t\t<\/div>\n\t\t\t\t<div class=\"elementor-element elementor-element-020e27a elementor-widget elementor-widget-read-more\" data-id=\"020e27a\" data-element_type=\"widget\" data-e-type=\"widget\" data-widget_type=\"read-more.default\">\n\t\t\t\t<div class=\"elementor-widget-container\">\n\t\t\t\t\t<\/div><\/div><\/div><\/div><\/div><\/section><\/div> &hellip;<p class=\"ast-the-content-more-link\"> <a class=\"\" href=\"https:\/\/resolute-leopard-f48e03.instawp.site\/sr\/treatments\/\"> <span class=\"screen-reader-text\">Treatments<\/span>\u041f\u0440\u043e\u0447\u0438\u0442\u0430\u0458 \u0432\u0438\u0448\u0435 &raquo;<\/a><\/p>","protected":false},"excerpt":{"rendered":"<p>curandero treatments Different methods give different results, that&#8217;s why we have adapted different types of treatment for you in order to provide you with the best possible service. Kambo Kambo [&hellip;]<\/p>\n","protected":false},"author":2,"featured_media":0,"parent":0,"menu_order":0,"comment_status":"closed","ping_status":"closed","template":"","meta":{"site-sidebar-layout":"no-sidebar","site-content-layout":"page-builder","ast-site-content-layout":"default","site-content-style":"default","site-sidebar-style":"default","ast-global-header-display":"","ast-banner-title-visibility":"","ast-main-header-display":"","ast-hfb-above-header-display":"","ast-hfb-below-header-display":"","ast-hfb-mobile-header-display":"","site-post-title":"disabled","ast-breadcrumbs-content":"","ast-featured-img":"disabled","footer-sml-layout":"","ast-disable-related-posts":"","theme-transparent-header-meta":"","adv-header-id-meta":"","stick-header-meta":"","header-above-stick-meta":"","header-main-stick-meta":"","header-below-stick-meta":"","astra-migrate-meta-layouts":"default","ast-page-background-enabled":"default","ast-page-background-meta":{"desktop":{"background-color":"","background-image":"","background-repeat":"repeat","background-position":"center center","background-size":"auto","background-attachment":"scroll","background-type":"","background-media":"","overlay-type":"","overlay-color":"","overlay-opacity":"","overlay-gradient":""},"tablet":{"background-color":"","background-image":"","background-repeat":"repeat","background-position":"center center","background-size":"auto","background-attachment":"scroll","background-type":"","background-media":"","overlay-type":"","overlay-color":"","overlay-opacity":"","overlay-gradient":""},"mobile":{"background-color":"","background-image":"","background-repeat":"repeat","background-position":"center center","background-size":"auto","background-attachment":"scroll","background-type":"","background-media":"","overlay-type":"","overlay-color":"","overlay-opacity":"","overlay-gradient":""}},"ast-content-background-meta":{"desktop":{"background-color":"var(--ast-global-color-5)","background-image":"","background-repeat":"repeat","background-position":"center center","background-size":"auto","background-attachment":"scroll","background-type":"","background-media":"","overlay-type":"","overlay-color":"","overlay-opacity":"","overlay-gradient":""},"tablet":{"background-color":"var(--ast-global-color-5)","background-image":"","background-repeat":"repeat","background-position":"center center","background-size":"auto","background-attachment":"scroll","background-type":"","background-media":"","overlay-type":"","overlay-color":"","overlay-opacity":"","overlay-gradient":""},"mobile":{"background-color":"var(--ast-global-color-5)","background-image":"","background-repeat":"repeat","background-position":"center center","background-size":"auto","background-attachment":"scroll","background-type":"","background-media":"","overlay-type":"","overlay-color":"","overlay-opacity":"","overlay-gradient":""}},"footnotes":""},"class_list":["post-2434","page","type-page","status-publish","hentry"],"jetpack_sharing_enabled":true,"_links":{"self":[{"href":"https:\/\/resolute-leopard-f48e03.instawp.site\/sr\/wp-json\/wp\/v2\/pages\/2434","targetHints":{"allow":["GET"]}}],"collection":[{"href":"https:\/\/resolute-leopard-f48e03.instawp.site\/sr\/wp-json\/wp\/v2\/pages"}],"about":[{"href":"https:\/\/resolute-leopard-f48e03.instawp.site\/sr\/wp-json\/wp\/v2\/types\/page"}],"author":[{"embeddable":true,"href":"https:\/\/resolute-leopard-f48e03.instawp.site\/sr\/wp-json\/wp\/v2\/users\/2"}],"replies":[{"embeddable":true,"href":"https:\/\/resolute-leopard-f48e03.instawp.site\/sr\/wp-json\/wp\/v2\/comments?post=2434"}],"version-history":[{"count":22,"href":"https:\/\/resolute-leopard-f48e03.instawp.site\/sr\/wp-json\/wp\/v2\/pages\/2434\/revisions"}],"predecessor-version":[{"id":9246,"href":"https:\/\/resolute-leopard-f48e03.instawp.site\/sr\/wp-json\/wp\/v2\/pages\/2434\/revisions\/9246"}],"wp:attachment":[{"href":"https:\/\/resolute-leopard-f48e03.instawp.site\/sr\/wp-json\/wp\/v2\/media?parent=2434"}],"curies":[{"name":"wp","href":"https:\/\/api.w.org\/{rel}","templated":true}]}}